{"id":394,"date":"2017-04-22T11:10:03","date_gmt":"2017-04-22T11:10:03","guid":{"rendered":"http:\/\/peipsisaar.ee\/ru\/?page_id=394"},"modified":"2018-03-07T14:35:58","modified_gmt":"2018-03-07T14:35:58","slug":"eriline-tanu","status":"publish","type":"page","link":"https:\/\/peipsisaar.ee\/ru\/osobaja-blagodarnost\/","title":{"rendered":"\u041e\u0441\u043e\u0431\u0430\u044f \u0431\u043b\u0430\u0433\u043e\u0434\u0430\u0440\u043d\u043e\u0441\u0442\u044c"},"content":{"rendered":"<p>Eriline t\u00e4nu<\/p>\n<p>&nbsp;<\/p>\n<p>Minu unistus oli j\u00e4\u00e4dvustada Piirissaare ajalugu, otsida ja leida seda, mis kunagi oli.<\/p>\n<p>See oli p\u00f5hjus, miks hakkasin vestlema inimestega soovides kuulata nende lugusid, korjata m\u00e4lestusi, uurida vanu fotosid, tuvastada j\u00e4\u00e4dvustatud isikuid ja s\u00fcndmusi.<\/p>\n<p>Olen v\u00e4ga t\u00e4nulik, et j\u00f5udsin kohtuda ka inimestega, keda t\u00e4na kahjuks enam pole&#8230;<\/p>\n<p>Iga igavikku lahkuva inimesega kaob osa meie minevikust&#8230; kuid me k\u00f5ik j\u00e4tame midagi neile, kes tulevad tulevikus.<\/p>\n<p>T\u00e4nan s\u00fcdamest k\u00f5iki inimesi, kellega ma kohtusin ja kes mind minu t\u00f6\u00f6s aitasid:<\/p>\n<ul>\n<li>Rein Bleive (Elva linn)<\/li>\n<li>Gert Daniel<\/li>\n<li>Anneliina Eek<\/li>\n<li>Siim Ennuvere<\/li>\n<li>Maarika Kaasik<\/li>\n<li>Sirje K\u00f5vask<\/li>\n<li>Heino M\u00e4rtson<\/li>\n<li>Lembit M\u00e4rtson<\/li>\n<li>Siiri Rooma<\/li>\n<li>Kalju Sakk<\/li>\n<li>Leevi Sakk<\/li>\n<li>Sirje Teimann<\/li>\n<li>Evald Truuts<\/li>\n<li>Viivi (Truuts)<\/li>\n<li>Jaan Truuts<\/li>\n<li>Helgi Haljak<\/li>\n<li>Salme (Kaiori) ja tema pere<\/li>\n<li>Malle (Karila)<\/li>\n<li>Eha (Kivirand)<\/li>\n<li>\u00d5ie Kivirand<\/li>\n<li>Kariina (Muutra)<\/li>\n<li>Maris (Muutra)<\/li>\n<li>Tiina Palm<\/li>\n<li>Milvi (Sakk)<\/li>\n<li>Marju M\u00e4nniste<\/li>\n<li>Viivi (Savik)<\/li>\n<li>Maie (Toode)<\/li>\n<li>\u0420\u0430\u0438\u0441\u0430 \u0410\u043d\u0442\u0440\u043e\u043f\u043e\u0432\u0430<\/li>\n<li>\u041b\u044e\u0431\u043e\u0432\u044c (\u0411\u0430\u0431\u0438\u043d\u0430) ja tema t\u00fctar \u0413\u0430\u043b\u0438\u043d\u0430<\/li>\n<li>\u041c\u0430\u0440\u0444\u0430 \u0424\u0430\u0434\u0435\u0435\u0432\u043d\u0430 (\u0411\u0430\u0431\u0438\u043d\u0430)<\/li>\n<li>\u0417\u043e\u044f \u0412\u0430\u0441\u0438\u043b\u044c\u0435\u0432\u043d\u0430 (\u0411\u0440\u044f\u043d\u043e\u0432\u0430)<\/li>\n<li>\u0410\u043d\u0442\u043e\u043d\u0438\u043d\u0430 \u0414\u0435\u043c\u0438\u0434\u043e\u0432\u043d\u0430 (\u0411\u0443\u043b\u043a\u0438\u043d\u0430)<\/li>\n<li>\u0410\u043d\u0430\u0441\u0442\u0430\u0441\u0438\u044f \u0411\u044b\u0447\u043a\u043e\u0432\u0430<\/li>\n<li>\u0410\u043b\u0435\u043d\u0430 \u0412\u0430\u0441\u0438\u043b\u044c\u0447\u0435\u043d\u043a\u043e<\/li>\n<li>\u0412\u043b\u0430\u0434\u0438\u043c\u0438\u0440 \u041b\u0430\u0432\u0440\u0435\u043d\u0442\u044c\u0435\u0432\u0438\u0447 \u0413\u0440\u0438\u0448\u0430\u043a\u043e\u0432<\/li>\n<li>\u0415\u043a\u0430\u0442\u0435\u0440\u0438\u043d\u0430 (\u0413\u043e\u0439\u0434\u0438\u043d\u0430)<\/li>\n<li>\u041d\u0430\u0442\u0430\u043b\u044c\u044f (\u0413\u043e\u0439\u0434\u0438\u043d\u0430)<\/li>\n<li>\u041c\u0430\u0440\u0438\u044f \u0415\u0441\u0442\u0438\u0444\u0435\u0435\u0432\u043d\u0430 (\u0413\u0440\u0438\u0448\u0430\u043a\u043e\u0432\u0430)<\/li>\n<li>\u041e\u043b\u044c\u0433\u0430 \u0415\u0440\u043e\u0449\u0435\u043d\u043a\u043e<\/li>\n<li>\u0410\u043d\u043d\u0430 \u0410\u043c\u043f\u043b\u0438\u0435\u0432\u043d\u0430 (\u0415\u0440\u0448\u043e\u0432\u0430)<\/li>\n<li>\u041b\u044c\u044e\u0431\u043e\u0432\u044c \u0410\u0431\u0440\u0430\u043c\u043e\u0432\u043d\u0430 (\u0416\u0431\u0430\u043d\u043e\u0432\u0430)<\/li>\n<li>\u0415\u043a\u0430\u0442\u0435\u0440\u0438\u043d\u0430 \u0424\u043e\u043a\u043e\u0432\u043d\u0430 (\u0417\u0430\u0445\u0430\u0440\u043e\u0432\u0430)<\/li>\n<li>\u0410\u043b\u0435\u043a\u0441\u0435\u0439 \u0410\u0440\u043a\u0430\u0434\u0438\u0435\u0432\u0438\u0447 \u0418\u043b\u044c\u0438\u043d<\/li>\n<li>\u0410\u0440\u043a\u0430\u0434\u0438\u0439 \u0414\u0435\u043c\u0438\u0434\u043e\u0432\u0438\u0447 \u0418\u043b\u044c\u0438\u043d<\/li>\n<li>\u041b\u044e\u0431\u043e\u0432\u044c \u0410\u043b\u0435\u043a\u0441\u0430\u043d\u0434\u0440\u043e\u0432\u043d\u0430 \u0418\u043b\u044c\u0438\u043d\u0430<\/li>\n<li>\u0422\u0438\u043c\u043e\u0444\u0435\u0439 \u0438 \u041c\u0430\u0440\u0438\u044f \u0418\u043b\u044c\u0438\u043d\u044b<\/li>\n<li>\u0410\u043d\u0442\u043e\u043d \u041a\u0430\u0440\u043f\u043e\u0432\u0438\u0447 \u041a\u0430\u0440\u0437\u0443\u0431\u043e\u0432<\/li>\n<li>\u0415\u0432\u0433\u0435\u043d\u0438\u044f \u041f\u043e\u0442\u0430\u043f\u044c\u0435\u0432\u043d\u0430 (\u041a\u0430\u0440\u0437\u0443\u0431\u043e\u0432\u0430)<\/li>\n<li>\u041a\u0438\u0440\u0430 \u0424\u0435\u043a\u0442\u0438\u0441\u0442\u043e\u0432\u043d\u0430(\u041a\u0430\u0440\u0437\u0443\u0431\u043e\u0432\u0430)<\/li>\n<li>\u0424\u0430\u043d\u044f \u041c\u0438\u043d\u0435\u0435\u0432\u043d\u0430 (\u041a\u0430\u0440\u0442\u043e\u0444\u0435\u043b\u0435\u0432\u0430)<\/li>\n<li>\u0412\u0430\u0441\u0438\u043b\u0438\u0439 \u0422\u0440\u043e\u0444\u0438\u043c\u043e\u0432\u0438\u0447 \u041a\u043e\u0431\u044b\u043b\u043a\u0438\u043d<\/li>\n<li>\u0412\u043b\u0430\u0434 \u041a\u043e\u043d\u0434\u0440\u0430\u0442\u044c\u0435\u0432 ja tema vanemad \u0418\u0432\u0430\u043d \u0438 \u0410\u043d\u043d\u0430<\/li>\n<li>\u041f\u0430\u0438\u0441\u0438\u0439 \u041b\u0443\u043f\u0430\u043d\u043e\u0432\u0438\u0447 \u041a\u043e\u043d\u0434\u0440\u0430\u0442\u044c\u0435\u0432<\/li>\n<li>\u0424\u0435\u0434\u043e\u0440 \u041f\u0440\u043e\u043a\u043e\u0444\u044c\u0435\u0432\u0438\u0447 \u041a\u043e\u0440\u043e\u0442\u043a\u043e\u0432<\/li>\n<li>\u041d\u0438\u043a\u043e\u043b\u0430\u0439 \u041a\u0443\u0437\u043d\u0435\u0446\u043e\u0432 ja tema naine Olga<\/li>\n<li>\u0418\u0440\u0438\u043d\u0430 \u041f\u0430\u0432\u043b\u043e\u0432\u043d\u0430 \u041a\u044e\u043b\u044c\u043c\u043e\u044f (Tartu \u00dclikool)<\/li>\n<li>\u0410\u043d\u0434\u0440\u0435\u0439 \u0413\u0440\u0438\u0433\u043e\u0440\u044c\u0435\u0432\u0438\u0447 \u041b\u0435\u0448\u043a\u0438\u043d ja tema naine \u0412\u0430\u043b\u0435\u043d\u0442\u0438\u043d\u0430<\/li>\n<li>\u0410\u043d\u0434\u0440\u0435\u0439 \u041b\u0435\u0448\u043a\u0438\u043d (Tallinn linn)<\/li>\n<li>\u0418\u0440\u0438\u043d\u0430 \u0415\u0432\u0441\u0442\u0438\u0433\u043d\u0435\u0435\u0432\u043d\u0430 (\u041a\u043e\u0431\u044b\u043b\u043a\u0438\u043d\u0430)<\/li>\n<li>\u0412\u0430\u0440\u0432\u0430\u0440\u0430 \u042f\u043a\u043e\u0432\u043b\u0435\u0432\u043d\u0430 (\u041a\u043e\u043d\u0434\u0440\u0430\u0442\u044c\u0435\u0432\u0430)<\/li>\n<li>\u0423\u043b\u044c\u044f\u043d\u0430 \u0424\u0435\u0434\u043e\u0440\u043e\u0432\u043d\u0430 \u0410\u043d\u0442\u0440\u043e\u043f\u043e\u0432\u0430<\/li>\n<li>\u041d\u0430\u0434\u0435\u0436\u0434\u0430 \u041f\u0440\u043e\u043a\u043e\u0444\u044c\u0435\u0432\u043d\u0430 (\u041a\u043e\u0440\u043e\u0442\u043a\u043e\u0432\u0430) ja tema t\u00fctar \u0415\u043b\u0435\u043d\u0430<\/li>\n<li>\u0410\u043d\u043d\u0430 \u041f\u0435\u0442\u0440\u043e\u0432\u043d\u0430 (\u041a\u0440\u0435\u0439\u0442\u0435\u0440)<\/li>\n<li>\u0412\u0435\u0440\u0430 \u041f\u0435\u0442\u0440\u043e\u0432\u043d\u0430 (\u041a\u0440\u0435\u0439\u0442\u0435\u0440)<\/li>\n<li>\u0412\u0430\u043b\u0435\u043d\u0442\u0438\u043d\u0430 \u0424\u0438\u043b\u0438\u043f\u043f\u043e\u0432\u043d\u0430 (\u041c\u0430\u043d\u0436\u0443\u0440\u0435\u0446)<\/li>\n<li>\u0418\u0440\u0438\u043d\u0430 \u041a\u0438\u0440\u0438\u043b\u043b\u043e\u0432\u043d\u0430 (\u0421\u043c\u0438\u0440\u043d\u043e\u0432\u0430)<\/li>\n<li>\u0417\u0438\u043d\u043e\u043d \u041c\u0430\u043d\u0436\u0443\u0440\u0435\u0446<\/li>\n<li>\u0410\u043b\u0435\u043a\u0441\u0430\u043d\u0434\u0440 \u041c\u0430\u043d\u0436\u0443\u0440\u0435\u0446<\/li>\n<li>\u041b\u044e\u0434\u043c\u0438\u043b\u0430 \u0413\u0435\u043e\u0440\u0433\u0438\u0435\u0432\u043d\u0430 (\u041f\u0430\u043d\u043a\u0440\u0443\u0445\u0438\u043d\u0430)<\/li>\n<li>\u041c\u0430\u0440\u0433\u0430\u0440\u0438\u0442\u0430 \u0413\u0435\u043e\u0440\u0433\u0438\u0435\u0432\u043d\u0430 (\u041f\u0430\u043d\u043a\u0440\u0443\u0445\u0438\u043d\u0430)<\/li>\n<li>\u0410\u043d\u0442\u043e\u043d\u0438\u0434\u0430 \u0412\u0430\u0441\u0438\u043b\u044c\u0435\u0432\u043d\u0430 \u041a\u043e\u043d\u0434\u0440\u0430\u0442\u044c\u0435\u0432\u0430 ja tema t\u00fctar<\/li>\n<li>\u0410\u043b\u0435\u043a\u0441\u0430\u043d\u0434\u0440 \u0410\u0444\u0430\u043d\u0430\u0441\u044c\u0435\u0432\u0438\u0447<\/li>\n<li>\u0410\u043b\u0435\u043a\u0441\u0435\u0439 \u0421\u0435\u043b\u0435\u0437\u043d\u0435\u0432<\/li>\n<li>\u041e\u043b\u0438\u043c\u043f\u0438\u0430\u0434\u0430 \u0410\u043d\u0438\u043a\u0438\u0435\u0432\u043d\u0430 \u0421\u043a\u043e\u0440\u043e\u0445\u043e\u0434\u043e\u0432\u0430 ja tema poeg \u0410\u043b\u0435\u043a\u0441\u0430\u043d\u0434\u0440<\/li>\n<li>\u0410\u043d\u0430\u0441\u0442\u0430\u0441\u0438\u044f \u0413\u0440\u0438\u0433\u043e\u0440\u044c\u0435\u0432\u043d\u0430 (\u0421\u043c\u043e\u043b\u043a\u0438\u043d\u0430)<\/li>\n<li>\u0424\u0435\u0434\u043e\u0440\u0430 \u041b\u0435\u043e\u043d\u0442\u044c\u0435\u0432\u043d\u0430 (\u0421\u0442\u0435\u043f\u0430\u043d\u0435\u043d\u043a\u043e\u0432\u0430)<\/li>\n<li>\u0410\u043d\u043d\u0430 \u0412\u043b\u0430\u0434\u0438\u043c\u0438\u0440\u043e\u0432\u043d\u0430 (\u0422\u0430\u0440\u0430\u0441\u043e\u0432\u0430)<\/li>\n<li>\u0410\u043d\u0436\u0435\u043b\u0438\u043a\u0430 \u041f\u043b\u0435\u0448\u0430\u043d\u043a\u043e\u0432\u0430<\/li>\n<li>\u041a\u043b\u0430\u0432\u0434\u0438\u044f \u0412\u043b\u0430\u0434\u0438\u043c\u0438\u0440\u043e\u0432\u043d\u0430 (\u0422\u0430\u0440\u0430\u0441\u043e\u0432\u0430)<\/li>\n<li>\u0415\u043a\u0430\u0442\u0435\u0440\u0438\u043d\u0430 \u041c\u0435\u0440\u043a\u0443\u0440\u044c\u0435\u0432\u043d\u0430 \u041c\u044f\u0440\u0442\u0441\u043e\u043d<\/li>\n<li>\u0410\u043d\u043d\u0430 \u0410\u0440\u0442\u0435\u043c\u044c\u0435\u0432\u043d\u0430 (\u041b\u0435\u043f\u0430\u0435\u0432\u0430)<\/li>\n<li>\u041c\u0430\u0440\u0438\u043d\u0430 \u0412\u0430\u0441\u0438\u043b\u044c\u0435\u0432\u043d\u0430 (\u0424\u0435\u043a\u043b\u0438\u0441\u0442\u043e\u0432\u0430)<\/li>\n<li>\u041c\u0430\u0440\u043a\u0438\u0430\u043d \u0412\u0430\u0441\u0438\u043b\u044c\u0435\u0432\u0438\u0447 \u0424\u0435\u043a\u043b\u0438\u0441\u0442\u043e\u0432<\/li>\n<li>\u041d\u0430\u0442\u0430\u043b\u044c\u044f \u0412\u0430\u0441\u0438\u043b\u044c\u0435\u0432\u043d\u0430 \u0424\u0435\u043a\u043b\u0438\u0441\u0442\u043e\u0432\u0430<\/li>\n<li>\u041d\u0430\u0442\u0430\u043b\u044c\u044f \u0422\u0438\u043c\u043e\u0444\u0435\u0435\u0432\u043d\u0430 \u041f\u0435\u0442\u0440\u043e\u0432\u0430 ja tema abikaasa \u041f\u0430\u0432\u0435\u043b<\/li>\n<li>\u0424\u0435\u043d\u044f \u0410\u043d\u0444\u0438\u043c\u043e\u0432\u043d\u0430 (\u0424\u0435\u043a\u043b\u0438\u0441\u0442\u043e\u0432\u0430)<\/li>\n<li>\u0410\u043d\u0430\u0442\u043e\u043b\u0438\u0439 \u0410\u043d\u0444\u0438\u043c\u043e\u0432\u0438\u0447 \u0424\u0435\u043a\u043b\u0438\u0441\u0442\u043e\u0432<\/li>\n<li>\u0413\u0430\u0432\u0440\u0438\u0438\u043b \u0410\u043d\u0444\u0438\u043c\u043e\u0432\u0438\u0447 \u0424\u0435\u043a\u043b\u0438\u0441\u0442\u043e\u0432<\/li>\n<li>\u0410\u043d\u043d\u0430 \u041f\u0430\u0432\u043b\u043e\u0432\u043d\u0430 \u0424\u043e\u043a\u0438\u043d\u0430<\/li>\n<\/ul>\n<p><\/p>","protected":false},"excerpt":{"rendered":"<p>Eriline t\u00e4nu &nbsp; Minu unistus oli j\u00e4\u00e4dvustada Piirissaare ajalugu, otsida ja leida seda, mis kunagi oli. See oli p\u00f5hjus, miks hakkasin vestlema inimestega soovides kuulata nende lugusid, korjata m\u00e4lestusi, uurida vanu fotosid, tuvastada j\u00e4\u00e4dvustatud isikuid ja s\u00fcndmusi. Olen v\u00e4ga t\u00e4nulik, et j\u00f5udsin kohtuda ka inimestega, keda t\u00e4na kahjuks enam pole&#8230; Iga igavikku lahkuva inimesega kaob [&hellip;]<\/p>\n","protected":false},"author":1,"featured_media":0,"parent":0,"menu_order":0,"comment_status":"closed","ping_status":"closed","template":"","meta":[],"_links":{"self":[{"href":"https:\/\/peipsisaar.ee\/ru\/wp-json\/wp\/v2\/pages\/394"}],"collection":[{"href":"https:\/\/peipsisaar.ee\/ru\/wp-json\/wp\/v2\/pages"}],"about":[{"href":"https:\/\/peipsisaar.ee\/ru\/wp-json\/wp\/v2\/types\/page"}],"author":[{"embeddable":true,"href":"https:\/\/peipsisaar.ee\/ru\/wp-json\/wp\/v2\/users\/1"}],"replies":[{"embeddable":true,"href":"https:\/\/peipsisaar.ee\/ru\/wp-json\/wp\/v2\/comments?post=394"}],"version-history":[{"count":11,"href":"https:\/\/peipsisaar.ee\/ru\/wp-json\/wp\/v2\/pages\/394\/revisions"}],"predecessor-version":[{"id":538,"href":"https:\/\/peipsisaar.ee\/ru\/wp-json\/wp\/v2\/pages\/394\/revisions\/538"}],"wp:attachment":[{"href":"https:\/\/peipsisaar.ee\/ru\/wp-json\/wp\/v2\/media?parent=394"}],"curies":[{"name":"wp","href":"https:\/\/api.w.org\/{rel}","templated":true}]}}