{"id":132,"date":"2017-04-09T18:10:01","date_gmt":"2017-04-09T16:10:01","guid":{"rendered":""},"modified":"2018-04-23T15:00:09","modified_gmt":"2018-04-23T15:00:09","slug":"estonskij-pevcheskij-khor","status":"publish","type":"product","link":"https:\/\/peipsisaar.ee\/ru\/statji\/jestonskij-pevcheskij-hor\/","title":{"rendered":"\u042d\u0441\u0442\u043e\u043d\u0441\u043a\u0438\u0439 \u043f\u0435\u0432\u0447\u0435\u0441\u043a\u0438\u0439 \u0445\u043e\u0440"},"content":{"rendered":"<p><\/p>\n<p align=\"center\"><span style=\"font-size: 18px;\"><em><span style=\"font-family: georgia,palatino,serif;\"><b><span lang=\"EN-US\" style=\"margin: 0px; line-height: 115%;\"><span style=\"color: #000000;\">\u041f\u0438\u0439\u0440\u0438\u0441\u0430\u0430\u0440\u0441\u043a\u0438\u0439 \u0434\u043e\u0431\u0440\u043e\u0432\u043e\u043b\u044c\u0447\u0435\u0441\u043a\u0438\u0439 \u043f\u0435\u0432\u0447\u0435\u0441\u043a\u0438\u0439 \u0445\u043e\u0440<\/span><\/span><\/b><\/span><\/em><\/span><\/p>\n<p><span lang=\"EN-US\" style=\"margin: 0px; line-height: 115%; font-family: georgia,palatino,serif; font-size: 12pt;\"><span style=\"color: #000000;\">Juba enne esimest maailmas\u00f5da tegutses Piirissaarel eestlaste laulukoor, mis harjutas laulmist k\u00fcla noorte poolt ostetud harmooniumi saatel. S\u00f5jap\u00e4evil koori tegevus katkes, kuid s\u00f5ja l\u00f5ppedes oli \u00e4rksamatel saarlastel j\u00e4lle n\u00f5u laulukoori- ja v\u00f5ib-olla isegi n\u00e4item\u00e4nguharjutusi k\u00e4ima panna.<\/span><\/span><\/p>\n<figure id=\"attachment_634\" aria-describedby=\"caption-attachment-634\" style=\"width: 150px\" class=\"wp-caption alignleft\"><a href=\"http:\/\/peipsisaar.ee\/wp-content\/uploads\/2017\/04\/MMu-33-1.jpg\"><img loading=\"lazy\" class=\"wp-image-634 size-thumbnail\" src=\"http:\/\/peipsisaar.ee\/wp-content\/uploads\/2017\/04\/MMu-33-1-150x150.jpg\" alt=\"\" width=\"150\" height=\"150\" \/><\/a><figcaption id=\"caption-attachment-634\" class=\"wp-caption-text\">MMu 31. \u041f\u0438\u0439\u0440\u0438\u0441\u0430\u0430\u0440\u0441\u043a\u0438\u0439 \u0445\u043e\u0440 \u043f\u043e\u0434 \u0441\u0432\u043e\u0438\u043c \u0444\u043b\u0430\u0433\u043e\u043c.<\/figcaption><\/figure>\n<figure id=\"attachment_635\" aria-describedby=\"caption-attachment-635\" style=\"width: 150px\" class=\"wp-caption alignright\"><a href=\"http:\/\/peipsisaar.ee\/wp-content\/uploads\/2017\/04\/MiSa-01-1.jpg\"><img loading=\"lazy\" class=\"wp-image-635 size-thumbnail\" src=\"http:\/\/peipsisaar.ee\/wp-content\/uploads\/2017\/04\/MiSa-01-1-150x150.jpg\" alt=\"\" width=\"150\" height=\"150\" \/><\/a><figcaption id=\"caption-attachment-635\" class=\"wp-caption-text\">Misa 01. \u041f\u0438\u0439\u0440\u0438\u0441\u0430\u0430\u0440\u0441\u043a\u0438\u0439 \u0445\u043e\u0440.<\/figcaption><\/figure>\n<p><span lang=\"EN-US\" style=\"margin: 0px; line-height: 115%; font-family: georgia,palatino,serif; font-size: 12pt;\"><span style=\"color: #000000;\">Seni seitse aastat vahetpidamata oma korteris, pilli saatel, laulukoori suure hoole ja usinusega vedanud h\u00e4rra Muutralt v\u00f5ttis, 1928. aasta paiku, koori juhtimise \u00fcle Eesti algkoolis t\u00f6\u00f6tav preili Sofia Bleive. Lauluharjutused hakkasid n\u00fc\u00fcd toimuma koolimajas, milles kahjuks k\u00fcll harmoonium puudus kuna tuli oli selle h\u00e4vitanud ja uut pilli <span style=\"font-size: 16px;\">polnud<\/span> valla poolt veel muretsetud. Kuid seltsielu l\u00e4ks sellest hoolimata suure hooga k\u00e4ima.<\/span><b><\/b><\/span><\/p>\n<p>.<\/p>\n<p><span style=\"font-family: georgia,palatino,serif;\"><b><span lang=\"EN-US\" style=\"margin: 0px; line-height: 115%; font-size: 12pt;\"><span style=\"color: #000000;\">1929. aasta juunis,<\/span><\/span><\/b><span lang=\"EN-US\" style=\"margin: 0px; line-height: 115%; font-size: 12pt;\"><span style=\"color: #000000;\"> mil sai t\u00e4is 60 aastat esimesest ja 50 aastat teisest eesti \u00fcldlaulupeost, korraldati 15. ja <\/span>16. juunil Tartus esimene vaimulik laulupidu.<\/span><\/span><\/p>\n<p><span lang=\"EN-US\" style=\"margin: 0px; color: black; line-height: 115%; font-family: georgia,palatino,serif; font-size: 12pt;\">\u00dcles olid end andnud 69 laulukoori 2500 liikmega ja 11 pasunakoori, kuid \u00fcle \u215f\u2083 laulukooridest j\u00e4i mitmesugustel p\u00f5hjustel tulemata ja ka pasunakooridest olid kohal ainult kaks. Lauljaid saabus ligi 2000.<\/span><\/p>\n<figure id=\"attachment_630\" aria-describedby=\"caption-attachment-630\" style=\"width: 150px\" class=\"wp-caption alignleft\"><a href=\"http:\/\/peipsisaar.ee\/wp-content\/uploads\/2017\/04\/HeHa-10-1.-juuni-1929.jpg\"><img loading=\"lazy\" class=\"wp-image-630 size-thumbnail\" src=\"http:\/\/peipsisaar.ee\/wp-content\/uploads\/2017\/04\/HeHa-10-1.-juuni-1929-150x150.jpg\" alt=\"\" width=\"150\" height=\"150\" \/><\/a><figcaption id=\"caption-attachment-630\" class=\"wp-caption-text\">HeHa 10. \u0424\u043e\u0442\u043e \u0432 \u0433\u0430\u0437\u0435\u0442\u0435 &#171;Postimees&#187; \u2116160 \u0437\u0430 16.06.1929 \u0433\u043e\u0434 &#171;\u041f\u0440\u0438\u0431\u044b\u0432\u0448\u0438\u0435 \u043f\u0435\u0432\u0446\u044b \u0438\u0434\u0443\u0442 \u043d\u0430 \u043c\u0435\u0441\u0442\u043e \u043f\u0440\u0435\u0431\u044b\u0432\u0430\u043d\u0438\u044f&#187;.<\/figcaption><\/figure>\n<figure id=\"attachment_631\" aria-describedby=\"caption-attachment-631\" style=\"width: 150px\" class=\"wp-caption alignright\"><a href=\"http:\/\/peipsisaar.ee\/wp-content\/uploads\/2017\/04\/HeHa-11-1.-juuni-1929.jpg\"><img loading=\"lazy\" class=\"wp-image-631 size-thumbnail\" src=\"http:\/\/peipsisaar.ee\/wp-content\/uploads\/2017\/04\/HeHa-11-1.-juuni-1929-150x150.jpg\" alt=\"\" width=\"150\" height=\"150\" \/><\/a><figcaption id=\"caption-attachment-631\" class=\"wp-caption-text\">HeHa 11. \u0424\u043e\u0442\u043e \u0432 \u0433\u0430\u0437\u0435\u0442\u0435 &#171;Postimees&#187; \u2116160 \u0437\u0430 16.06.1929 \u0433\u043e\u0434 &#171;\u0425\u043e\u0440 \u0441 \u041f\u0438\u0439\u0440\u0438\u0430\u0441\u0441\u0440\u0430 \u043f\u0440\u0438\u0431\u044b\u043b \u0443\u0436\u0435 \u0432 \u043f\u044f\u0442\u043d\u0438\u0446\u0443. \u041f\u0440\u0438\u0435\u043c \u043f\u0440\u043e\u0438\u0441\u0445\u043e\u0434\u0438\u043b \u0432 \u043f\u043e\u0440\u0442\u0443&#187;.<\/figcaption><\/figure>\n<p><span lang=\"EN-US\" style=\"margin: 0px; color: black; line-height: 115%; font-family: georgia,palatino,serif; font-size: 12pt;\">Esimene kaugeim laulukoor, kes kohale j\u00f5udis oli 40-liikmeline Piirissaare Vabatahtlik Laulukoor, mida Postimehe s\u00f5nul <i>&#171;<\/i><i>juhatas keegi preili, kes \u00fcsna warakult lauludega walmis saanud&#187;<\/i>. Sadamas olid piirissaarlastel vastas agarad korraldajad, kes k\u00fclalisi \u00fchiskorterisse juhtisid. \u00d6\u00f6sel saabusid veel m\u00f5ned koorid ent suurem osa tuli j\u00e4rgmisel p\u00e4eval. Tulijaid oli \u00fcle Eesti, tuldi nii raudteed m\u00f6\u00f6da, laevade kui ka hobustega.<\/span><\/p>\n<p><span lang=\"EN-US\" style=\"margin: 0px; color: black; line-height: 115%; font-family: georgia,palatino,serif; font-size: 16px;\">Laup\u00e4eval, 15. juunil kell 5 \u00f5htul algas Peetri kirikus vaimulik kontsert organist J. Aaviku juhatusel ning kell pool 9 \u00f5htul, Tallinna uulitsa spordiv\u00e4ljakul, suur vaba\u00f5hu jumalateenistus. See oli m\u00f5eldud suurejoonelise manifestatsioonina, kus v\u00e4ikeste osade kaupa jutlustasid vaimulikud Eesti erinevatest paikadest ja kus laulsid k\u00f5ik laulupeole tulnud koorid.<\/span><\/p>\n<figure id=\"attachment_632\" aria-describedby=\"caption-attachment-632\" style=\"width: 150px\" class=\"wp-caption alignleft\"><a href=\"http:\/\/peipsisaar.ee\/wp-content\/uploads\/2017\/04\/HeHa-14-1.jpg\"><img loading=\"lazy\" class=\"wp-image-632 size-thumbnail\" src=\"http:\/\/peipsisaar.ee\/wp-content\/uploads\/2017\/04\/HeHa-14-1-150x150.jpg\" alt=\"\" width=\"150\" height=\"150\" \/><\/a><figcaption id=\"caption-attachment-632\" class=\"wp-caption-text\">HeHa 14. \u041d\u0430 \u041f\u0435\u0432\u0447\u0435\u0441\u043a\u043e\u043c \u043f\u0440\u0430\u0437\u0434\u043d\u0438\u043a\u0435. \u041f\u0438\u0439\u0440\u0438\u0441\u0430\u0430\u0440\u0446\u044b \u0441\u0442\u043e\u044f\u0442 \u0432\u043d\u0438\u0437\u0443, \u0441\u043b\u0435\u0432\u0430.<\/figcaption><\/figure>\n<figure id=\"attachment_633\" aria-describedby=\"caption-attachment-633\" style=\"width: 150px\" class=\"wp-caption alignright\"><a href=\"http:\/\/peipsisaar.ee\/wp-content\/uploads\/2017\/04\/UPj-04-1.-1929.jpg\"><img loading=\"lazy\" class=\"wp-image-633 size-thumbnail\" src=\"http:\/\/peipsisaar.ee\/wp-content\/uploads\/2017\/04\/UPj-04-1.-1929-150x150.jpg\" alt=\"\" width=\"150\" height=\"150\" \/><\/a><figcaption id=\"caption-attachment-633\" class=\"wp-caption-text\">UmPj 04. \u041f\u0438\u0439\u0440\u0438\u0441\u0430\u0430\u0440\u0441\u043a\u0438\u0439 \u0434\u043e\u0431\u0440\u043e\u0432\u043e\u043b\u044c\u0447\u0435\u0441\u043a\u0438\u0439 \u0445\u043e\u0440 \u0441\u043e \u0441\u0432\u043e\u0438\u043c \u0437\u043d\u0430\u043c\u0435\u043d\u0435\u043c. 1929 \u0433\u043e\u0434.<\/figcaption><\/figure>\n<p><span lang=\"EN-US\" style=\"margin: 0px; color: black; line-height: 115%; font-family: georgia,palatino,serif; font-size: 16px;\">P\u00fchap\u00e4eva, 16. juuni varahommikul toimus kooride peaproov, misj\u00e4rel kell pool 12 p\u00e4eval oli Peetri kirikus H\u00e4ndeli oratoorium &#171;Simson&#187;. Kell 3 p\u00e4eval oli Toomeorus (Kassitoomel) aktus, kust rongik\u00e4igus mindi Tallinna uulitsa spordiv\u00e4ljale. Seal, kell 4 p\u00e4eval algas laulupidu.<\/span><\/p>\n<p><span lang=\"EN-US\" style=\"margin: 0px; color: black; line-height: 115%; font-family: georgia,palatino,serif; font-size: 16px;\">Laulupeo lava oli ilusal, rohkelt rohelisest \u00fcmbritsetud m\u00e4en\u00f5lvakul. Sinna seati ka kooride lipud lehvima. Publiku jaoks oli paigaldatud 10.000 istekohta, \u00fches seisukohtadega oli ruumi 15.000 kuulajale. <\/span><\/p>\n<p><span style=\"font-family: georgia,palatino,serif; font-size: 16px;\"><span lang=\"EN-US\" style=\"margin: 0px; color: black; line-height: 115%;\">Kavas oli 14 segakoori ja 4 pasunakoori ettekannet. Avalauluks k\u00f5las koraal &#171;Kiida n\u00fc\u00fcd Issandat&#187;.<\/span><b><\/b><\/span><\/p>\n<p><span style=\"font-family: georgia,palatino,serif; font-size: 16px;\"><b><span lang=\"ET\" style=\"margin: 0px; color: black; line-height: 115%;\">1930. aasta juunis<\/span><\/b><span lang=\"ET\" style=\"margin: 0px; color: black; line-height: 115%;\">, mil Tartus toimus Tartumaa laulupidu, oli k\u00f5iki haaranud laulupeo palavik. Esialgu p\u00fcsis see palavik veel ainult laulupeo b\u00fcroos, kuid juba keskp\u00e4eval, mil kohale hakkasid\u00a0 j\u00f5udma esimesed lauljad, levis ta \u00fcle linna, kasvades iga tunniga sedamoodi, kuidas lauljaid juurde saabus. <\/span><\/span><\/p>\n<figure id=\"attachment_636\" aria-describedby=\"caption-attachment-636\" style=\"width: 150px\" class=\"wp-caption alignleft\"><a href=\"http:\/\/peipsisaar.ee\/wp-content\/uploads\/2017\/04\/HeHa-12-1.jpg\"><img loading=\"lazy\" class=\"wp-image-636 size-thumbnail\" src=\"http:\/\/peipsisaar.ee\/wp-content\/uploads\/2017\/04\/HeHa-12-1-150x150.jpg\" alt=\"\" width=\"150\" height=\"150\" \/><\/a><figcaption id=\"caption-attachment-636\" class=\"wp-caption-text\">HeHa 12. \u041d\u0430 \u041f\u0435\u0432\u0447\u0435\u0441\u043a\u043e\u043c \u043f\u0440\u0430\u0437\u0434\u043d\u0438\u043a\u0435 \u0432 \u0422\u0430\u0440\u0442\u0443?<\/figcaption><\/figure>\n<p><span lang=\"EN-US\" style=\"margin: 0px; color: black; line-height: 115%; font-family: georgia,palatino,serif; font-size: 16px;\">\u00dchtekokku oli kooride, mis Tartusse veeteed m\u00f6\u00f6da s\u00f5itsid, kohale toomiseks k\u00e4iku pandud 7 aurulaeva. Esimesena alustaski aurik &#171;Kungla&#187;, mis s\u00f5itis V\u00f5\u00f5psu sadamasse, v\u00f5ttis peale 27. juunil kell 7 hommikul V\u00f5\u00f5psu \u00fcmbruskonna- ja kell 9 hommikul Piirisaare koorid ning j\u00f5udis esimeste lauljatega Tartusse 27. juunil kella 2-3 vahel p\u00e4rast l\u00f5unat. Piirisaare ja Kahkwa kooride lauljaid oli tervitama tulnud \u00fcldjuht J. Simm. Tulijatele juhatati kohe korterid k\u00e4tte ning hakati ettevalmistusi tegema j\u00e4rgmiste vastuv\u00f5tuks. Kogu korraldus oli eeskujulik ja k\u00f5ik sujus t\u00f5rgeteta.<\/span><\/p>\n<p><span lang=\"EN-US\" style=\"margin: 0px; color: black; line-height: 115%; font-family: georgia,palatino,serif; font-size: 16px;\">Tartu laulupeo eel\u00f5htuks oli peoplats rahvuslike lippude ja roheliste vanikutega n\u00e4gusaks kujundatud, sissek\u00e4igud kaunistatud, Punase Risti telgid, veevaadid joogiveega ja einelauad paigaldatud. Raadiomehed olid ametis mikrofonide \u00fclesseadmisega, telefoni k\u00f5nepunktidesse veeti veel viimaseid juhtmeid, korraldajad askeldasid&#8230; Siis ometi, ligi pooletunnise hilinemisega algas peo peaproov, mis kestis kuni h\u00e4marikuni. J\u00e4rjest voolas s\u00f5iduautodel laulukoore juurde. Tuldi \u00fclevas meeleolus, laulude ning lehvivate lippudega. <\/span><\/p>\n<p><span lang=\"EN-US\" style=\"margin: 0px; color: black; line-height: 115%; font-family: georgia,palatino,serif; font-size: 16px;\">Pasunakoori eelproovi peeti n\u00e4ituse aias, kus hra Wirkhaus juhatas nii, et selle v\u00e4geva koori helid \u00fcle linna kostsid.<\/span><\/p>\n<figure id=\"attachment_637\" aria-describedby=\"caption-attachment-637\" style=\"width: 150px\" class=\"wp-caption alignleft\"><a href=\"http:\/\/peipsisaar.ee\/wp-content\/uploads\/2017\/04\/HeHa-13-1.jpg\"><img loading=\"lazy\" class=\"wp-image-637 size-thumbnail\" src=\"http:\/\/peipsisaar.ee\/wp-content\/uploads\/2017\/04\/HeHa-13-1-150x150.jpg\" alt=\"\" width=\"150\" height=\"150\" \/><\/a><figcaption id=\"caption-attachment-637\" class=\"wp-caption-text\">HeHa 13. \u041d\u0430 \u041f\u0435\u0432\u0447\u0435\u0441\u043a\u043e\u043c \u043f\u0440\u0430\u0437\u0434\u043d\u0438\u043a\u0435 \u0432 \u0422\u0430\u0440\u0442\u0443?<\/figcaption><\/figure>\n<p><span lang=\"EN-US\" style=\"margin: 0px; color: black; line-height: 115%; font-family: georgia,palatino,serif; font-size: 16px;\">J\u00e4rgmisel p\u00e4eval, kella poole kahe paiku, hakkasid lauljad politseiplatsile kogunema, et siit \u00fchises rongk\u00e4igus laulupeole minna. Rahvamere kohal lehvisid mitmev\u00e4rvilised seltside lipud. Orkestrihelide saatel liiguti laululava poole. Igalpool piiras rongk\u00e4iku k\u00f5nniteedele kogunenud rahvahulk, kes pidulistele vaimustunult aplodeerides kaasa elas. Ja oli millest vaimustuda! <\/span><\/p>\n<p><span lang=\"EN-US\" style=\"margin: 0px; color: black; line-height: 115%; font-family: georgia,palatino,serif; font-size: 16px;\">Suurem osa naislauljaid oli rahvariietes, kuid ei puudunud ka rahvariietes mehed. Paljud naister\u00fchmad kandsid vormikleite ning lasid pikkadel lahtistel juustel seljal lehvida. Ohtralt kiiduavaldusi jagati setude naiskoorile, kelle liikmed olid end n\u00e4gusalt riietanud. Erilist rahva poolehoidu n\u00e4isid v\u00f5itvat aga Tarvastu koori meesliikmed, kes kandsid pikki musti mulgi kuubesid. Mehed olid pikad ja sirged kui osjad, n\u00e4ost tumepruunid, lai kaabu ning pikk kuub sobis neile h\u00e4sti. Uhked n\u00e4gid oma laiade punaste \u00e4\u00e4rtega k\u00fcbarates v\u00e4lja tulet\u00f5rjujatest &#171;muusikandid&#187;, samuti rohelistes kaitsev\u00e4rvi \u00fclikondades kaitseliitlased,\u00a0\u00a0 ratsar\u00fcgemendi punap\u00fckstesse riietatud ja p\u00e4ikesest pruuniksp\u00f5lenud 2. diviisi orkestrandid, kes \u00fcldkoorile nagu s\u00fcdame moodustasid. Rohkesti oli n\u00e4ha kooli\u00f5pilasi: trefneriste, realiste ja teisi \u00f5pilasi. Lippe oli rongik\u00e4igus \u00fcldse 134, neist 91 Tartu linna ja maakonna omad.<\/span><\/p>\n<p><span style=\"font-family: georgia,palatino,serif; font-size: 16px;\"><span lang=\"EN-US\" style=\"margin: 0px; color: black; line-height: 115%;\">Laululava \u00e4\u00e4rde j\u00f5udes asetati kooride lipud laululava k\u00fclgedele lehvima ning v\u00f5eti sisse vastavalt h\u00e4\u00e4lele oma koht. Laululava ees lehvisid Eesti, L\u00e4ti, Soome ja Rootsi lipud ning aukohtadel istusid endine L\u00e4ti presidenti hra Semgals, siis L\u00e4ti saadik Eestis hra Sarmsch, Eesti saadik Riias hra Wirgo,\u00a0 N.-Vene saadik hra Raskolnikov ning palju teisi riigi- ja kultuuritegelasi. Eriti sooja vastuv\u00f5tu osaliseks sai lauluplatsile ilmuv hra Jaan T\u00f5nisson. Pisut p\u00e4rast kella kuut j\u00f5udis kohale ka minister A. Kerem saadetuna Tartu maavalitsuse esimehe O. P\u00e4rlini, linnapea K. Luige ning k<\/span><em><span lang=\"EN-US\">olonelleitnant<\/span><\/em><span lang=\"EN-US\" style=\"margin: 0px; color: black; line-height: 115%;\"> Undi poolt.<\/span><\/span><\/p>\n<p><span lang=\"EN-US\" style=\"margin: 0px; color: black; line-height: 115%; font-family: georgia,palatino,serif; font-size: 16px;\">Kibedasti askeldas mikrofoni juures &#171;raadio-onu&#187; Felix Moor, kes koju j\u00e4\u00e4nutele raadio kaudu laulpeo k\u00e4igust teateid edastas. Siin-seal liikusid ka filmioperaatorid ja p\u00e4evapiltnikud, kes pidulikku s\u00fcndmust j\u00e4\u00e4dvustasid.<\/span><\/p>\n<p><span lang=\"EN-US\" style=\"margin: 0px; color: black; line-height: 115%; font-family: georgia,palatino,serif; font-size: 16px;\">Ja siis\u00a0 teatasid 8 fanfaari kolmekordse signaaliga, et laulupidu algab&#8230;<\/span><\/p>\n<p><span lang=\"EN-US\" style=\"margin: 0px; color: black; line-height: 115%; font-family: georgia,palatino,serif; font-size: 16px;\">Meeli\u00fclendavalt ning p\u00fchalikult k\u00f5lasid koraalihelid: &#171;Issand, mu Jumal, Sind tahan ma lauluga kiita&#8230;&#187;. Paljastati pead ning seisti hardunult p\u00fcsti. Kaunilt k\u00f5lasid \u00fcksteise j\u00e4rel laulud ja kord-korralt hakkas vaimustus kasvama. <\/span><\/p>\n<p><span lang=\"EN-US\" style=\"margin: 0px; color: black; line-height: 115%; font-family: georgia,palatino,serif; font-size: 16px;\">Teisel peop\u00e4eval n\u00f5uti juba paljude laulude kordamist, k\u00f5lasid pidevad ovatsioonid ja pidu ei tahtnud kuidagi l\u00f5ppeda. L\u00f5puks v\u00f5tsid \u00fcldjuhid siiski s\u00f5na ja t\u00e4nasid lauljaid tehtud t\u00f6\u00f6 eest, millepeale lauljad lasid kuuldavale m\u00fcriseva &#171;Elagu!&#187; \u00a0<\/span><\/p>\n<p><span lang=\"EN-US\" style=\"margin: 0px; color: black; line-height: 115%; font-family: georgia,palatino,serif; font-size: 16px;\">Oli n\u00e4ha, et k\u00e4es oli lahkumistund, kuid kuidagi ei raatsitud pidu l\u00f5petada \u2014 &#171;Laulame veel!&#187; k\u00f5las mitmelt poolt, lehvitati m\u00fctse ja r\u00e4tte, \u00fcldjuhid haarati s\u00fclle, isegi &#171;raadio-onu&#187; Moori taheti \u00f5hku visata, kuid temal l\u00e4ks korda p\u00f5geneda. L\u00f5puks valguti heas meeleolus ja ikka laulud suul, uulitsaile laiali.<\/span><\/p>\n<p><span lang=\"EN-US\" style=\"margin: 0px; color: black; line-height: 115%; font-family: georgia,palatino,serif; font-size: 16px;\">\u00a0<\/span><\/p>\n<p><span style=\"font-family: georgia,palatino,serif; font-size: 16px;\"><b><span lang=\"EN-US\" style=\"margin: 0px; color: black; line-height: 115%;\">1935 aasta <\/span><\/b><span lang=\"EN-US\" style=\"margin: 0px; color: black; line-height: 115%;\">suvisel laulupeol kastis suur ja \u00fcha valjenev vihm ligi 8000 pidulist armutult l\u00e4bim\u00e4rjaks, mist\u00f5ttu pidu eba\u00f5nnestus t\u00e4ielikult. <\/span><\/span><\/p>\n<p><span lang=\"EN-US\" style=\"margin: 0px; color: black; line-height: 115%; font-family: georgia,palatino,serif; font-size: 16px;\">1. septembril koguneti teist korda, et uuesti pidada Tartumaa kolmas laulupidu. Loomulikult s\u00f5itis laulupeole ka Piirissaare koor, mis traditsiooniliselt oli (t\u00f5si k\u00fcll koos Avinurme kooriga) esimene saabuja. <\/span><\/p>\n<p><span lang=\"EN-US\" style=\"margin: 0px; color: black; line-height: 115%; font-family: georgia,palatino,serif; font-size: 16px;\">P\u00fchap\u00e4eva hommikul toimus peaproov ning \u00f5htul, kell 17 algas laulupidu. <\/span><\/p>\n<p><span lang=\"EN-US\" style=\"margin: 0px; color: black; line-height: 115%; font-family: georgia,palatino,serif; font-size: 16px;\">Kaunites rahvariietes, valgetes- v\u00f5i vormikleitides, vormim\u00fctsides lauljad ja pillimehed moodustasid rongk\u00e4igu, mis\u00a0 liikus l\u00e4bi tuhandetest inimestest moodustatud spaleeride peoplatsile. J\u00e4lgijaid rippus treppidel, akendel, r\u00f5dudel ja isegi katustel. Ilm oli harukordselt p\u00e4ikesepaisteline ja soe.<\/span><\/p>\n<p><span lang=\"EN-US\" style=\"margin: 0px; color: black; line-height: 115%; font-family: georgia,palatino,serif; font-size: 16px;\">Laululaval, haruldaselt ilusas p\u00e4iksekullas, ilutsesid lisaks rahvuslipule ka 51 koori lipud. <\/span><\/p>\n<p><span lang=\"EN-US\" style=\"margin: 0px; color: black; line-height: 115%; font-family: georgia,palatino,serif; font-size: 16px;\">Traadi teel saatsid pidulistele tervitusi nii v\u00e4gede \u00fclemjuhataja kindral Laidoner, riigikogu esimees Penno, rektor J. K\u00f5pp kui ka Tartu Saksa Meeslaulu selts.<\/span><\/p>\n<figure id=\"attachment_638\" aria-describedby=\"caption-attachment-638\" style=\"width: 150px\" class=\"wp-caption alignleft\"><a href=\"http:\/\/peipsisaar.ee\/wp-content\/uploads\/2017\/04\/UmP-e-05-1.-Laulupidu-Tartus.jpg\"><img loading=\"lazy\" class=\"wp-image-638 size-thumbnail\" src=\"http:\/\/peipsisaar.ee\/wp-content\/uploads\/2017\/04\/UmP-e-05-1.-Laulupidu-Tartus-150x150.jpg\" alt=\"\" width=\"150\" height=\"150\" \/><\/a><figcaption id=\"caption-attachment-638\" class=\"wp-caption-text\">UmPa. \u041f\u0440\u0435\u0434\u0441\u0442\u0430\u0432\u0438\u0442\u0435\u043b\u0438 \u0445\u043e\u0440\u043e\u0432. \u0421\u043b\u0435\u0432\u0430 \u0441\u0442\u043e\u0438\u0442 \u0421\u043e\u0444\u0438\u044f \u0411\u043b\u044d\u0439\u0432\u0435.<\/figcaption><\/figure>\n<p><span lang=\"EN-US\" style=\"margin: 0px; color: black; line-height: 115%; font-family: georgia,palatino,serif; font-size: 16px;\">Laulupeo kavas oli seekord hulk uusi laule aga ka rahvalaulude raudvara. Tuju oli k\u00f5igil hea ning pidu kogus l\u00f5busa laulu saatel hoogu \u2013 oli tunda, et siin lauldakse veel &#171;mered v\u00f5imsalt m\u00fchamaie, lained laiad laksumaie&#187;.\u00a0 Nii \u00fchendsegakooride kui ka meeskooride m\u00fcrisev laul k\u00f5las \u00f5htuni ning v\u00f5itis\u00a0 ligi 7000 kuulaja s\u00fcdame \u2014 nad\u00a0 jagasid iga laulu j\u00e4rel ohtralt kiiduavaldusi ega tahtnud kuidagi lasta lauljatel minna. L\u00f5petuseks k\u00f5las puhkpilliorkestrite kava.\u00a0 Siis \u00f6eldi \u00f5htuh\u00e4maruses l\u00f5pus\u00f5nad, ausutsavaldused ning kingiti lilli heliloojaile. Korraks satuti veel isegi nii hoogu,\u00a0 et k\u00f5lasid h\u00fc\u00fcded &#171;Laulame veel!&#187;, siis aga tuli ometi nentida, et laulupidu on sedakorda l\u00f5pule j\u00f5udnud.<\/span><\/p>\n<p><span lang=\"EN-US\" style=\"font-family: georgia,palatino,serif; font-size: 16px;\">\u00a0<\/span><\/p>\n<p><span lang=\"EN-US\" style=\"margin: 0px; color: black; line-height: 115%; font-family: georgia,palatino,serif; font-size: 16px;\">Laulupidudest kujunes s\u00fcndmus, millest hiljem alati kirjutasid p\u00e4evalehed ja millest k\u00f5neles raadio nii kodumaal kui ka raja taga. Piirissaare laulukoor oli nii mitmelgi aastal selle suure s\u00fcndmuse pisike osa.<\/span><\/p>","protected":false},"excerpt":{"rendered":"<p>\u041f\u0438\u0439\u0440\u0438\u0441\u0430\u0430\u0440\u0441\u043a\u0438\u0439 \u0434\u043e\u0431\u0440\u043e\u0432\u043e\u043b\u044c\u0447\u0435\u0441\u043a\u0438\u0439 \u043f\u0435\u0432\u0447\u0435\u0441\u043a\u0438\u0439 \u0445\u043e\u0440 Juba enne esimest maailmas\u00f5da tegutses Piirissaarel eestlaste laulukoor, mis harjutas laulmist k\u00fcla noorte poolt ostetud harmooniumi saatel. S\u00f5jap\u00e4evil koori tegevus katkes, kuid s\u00f5ja l\u00f5ppedes oli \u00e4rksamatel saarlastel j\u00e4lle n\u00f5u laulukoori- ja v\u00f5ib-olla isegi n\u00e4item\u00e4nguharjutusi k\u00e4ima panna. Seni seitse aastat vahetpidamata oma korteris, pilli saatel, laulukoori suure hoole ja usinusega vedanud h\u00e4rra [&hellip;]<\/p>\n","protected":false},"featured_media":480,"comment_status":"open","ping_status":"closed","template":"","meta":[],"product_cat":[49],"product_tag":[],"_links":{"self":[{"href":"https:\/\/peipsisaar.ee\/ru\/wp-json\/wp\/v2\/product\/132"}],"collection":[{"href":"https:\/\/peipsisaar.ee\/ru\/wp-json\/wp\/v2\/product"}],"about":[{"href":"https:\/\/peipsisaar.ee\/ru\/wp-json\/wp\/v2\/types\/product"}],"replies":[{"embeddable":true,"href":"https:\/\/peipsisaar.ee\/ru\/wp-json\/wp\/v2\/comments?post=132"}],"wp:featuredmedia":[{"embeddable":true,"href":"https:\/\/peipsisaar.ee\/ru\/wp-json\/wp\/v2\/media\/480"}],"wp:attachment":[{"href":"https:\/\/peipsisaar.ee\/ru\/wp-json\/wp\/v2\/media?parent=132"}],"wp:term":[{"taxonomy":"product_cat","embeddable":true,"href":"https:\/\/peipsisaar.ee\/ru\/wp-json\/wp\/v2\/product_cat?post=132"},{"taxonomy":"product_tag","embeddable":true,"href":"https:\/\/peipsisaar.ee\/ru\/wp-json\/wp\/v2\/product_tag?post=132"}],"curies":[{"name":"wp","href":"https:\/\/api.w.org\/{rel}","templated":true}]}}