{"id":145,"date":"2017-04-09T19:20:59","date_gmt":"2017-04-09T17:20:59","guid":{"rendered":""},"modified":"2018-04-27T14:19:18","modified_gmt":"2018-04-27T14:19:18","slug":"pravoslavnaya-shkola-1857-god","status":"publish","type":"product","link":"https:\/\/peipsisaar.ee\/ru\/statji\/pravoslavnaja-shkola-1857-god\/","title":{"rendered":"\u041f\u0440\u0430\u0432\u043e\u0441\u043b\u0430\u0432\u043d\u0430\u044f \u0448\u043a\u043e\u043b\u0430. 1857 \u0433\u043e\u0434"},"content":{"rendered":"<p><\/p>\n<p dir=\"ltr\" style=\"text-align: center;\"><span style=\"font-size: 18px;\"><em><strong>Piri-Saare kihelkonnas \u00f5igeusu kihelkonnakooli korraldamise toimik.<\/strong><\/em><\/span><\/p>\n<p dir=\"ltr\">Alustatud 30. septembril 1857. aastal.<\/p>\n<p dir=\"ltr\">9. veebruaril 1853. aastal tegi Balti kubermangu kindralkuberner ettepaneku v\u00f5tta kasutusele meetmeid usul\u00f5he v\u00e4hendamiseks Derpti maakonnas. \u00dcheks meetmeks oleks usul\u00f5hega nakatunud kihelkondades k\u00fclakoolide avamine, et sealsete elanike seas kirjaoskust levitada.<\/p>\n<p dir=\"ltr\">Varnja ja Pirisaaree \u00a0preestrite ettekande j\u00e4rgi ei olnud nendes kihelkondades siiani ei kihelkonna ega abikoole. Lapsi, kes v\u00f5iks \u00f5ppida arvestatakse m\u00f5lema kihelkonna peale 17 poissi ja 9 t\u00fctarlast. Nendest 4 \u00a0poissi ja 2 t\u00fctarlast ei saa koolis k\u00e4ia sesoses nende vanemate vaesusega.<\/p>\n<p dir=\"ltr\">Riia Vaimse Konsistooriumi arvates oleks kasulik, vaatamata ebasoodsatele asjaoludele koolide loomiseks Varnja ja Pirisaare kihelkonnas, avada hiljem kihelkonnakoolid nende kihelkondade kirikute juures, et nendes saaks koolitada ka preestrite lapsi. Tuleks m\u00e4\u00e4rata rahalised h\u00fcvitised kiriku l\u00e4heduses kooli \u00fc\u00fcriruumide \u00fclalpidamiseks ja samuti Varnja ja Pirisaare kihelkonna vaeseimate laste \u00f5petamiseks.<\/p>\n<p dir=\"ltr\">24. novembril 1857. aastal teatab Piri-Saare preester Pjotr Skoroposti\u017en\u00f5i oma aruandes, et Riia Vaimse Konsistooriumi 30. oktoobri k\u00e4sku t\u00e4ites, on au teavitada, et Kastre m\u00f5isa Piirik\u00fcla talupoeg Kirill Artemi poeg Belousov on n\u00f5us andma \u00fche toa kihelkonna kooliks j\u00e4rgmistel tingimustel:<\/p>\n<p dir=\"ltr\">Toa ees saab tema \u2013 Belousov aastas 37 rubla h\u00f5bedas.<\/p>\n<p dir=\"ltr\">Kohustub igal aastal tooma toa k\u00fctmiseks 5 s\u00fclda puid.<\/p>\n<p dir=\"ltr\">Kohustub igap\u00e4evaselt puhastama ja igal n\u00e4dal pesema p\u00f5randaid.<\/p>\n<p dir=\"ltr\">\u00d5pilaste lauad olgu antud kroonu poolt.<\/p>\n<p dir=\"ltr\">9. veebuaril 1858. aastal kannab Piri-Saare preester Pjotr Skoroposti\u017en\u00f5i oma aruandes ette, et alates 27. jaanuarist 1858. aastast on talupoeg Kirill Artemi poeg Belousovi tuba \u00f5igeusu kihelkonnakooli \u00f5pilastega h\u00f5ivatud.<\/p>\n<p>&nbsp;<\/p>","protected":false},"excerpt":{"rendered":"<p dir=\"ltr\">Piri-Saare kihelkonnas \u00f5igeusu kihelkonnakooli korraldamise toimik.<br \/>\nAlustatud 30. septembril 1857. aastal.<br \/>\n9. veebruaril 1853. aastal tegi Balti kubermangu kindralkuberner ettepaneku v\u00f5tta kasutusele meetmeid usul\u00f5he v\u00e4hendamiseks Derpti maakonnas. \u00dcheks meetmeks oleks usul\u00f5hega nakatunud kihelkondades k\u00fclakoolide avamine, et sealsete elanike seas kirjaoskust levitada.<\/p>\n","protected":false},"featured_media":0,"comment_status":"open","ping_status":"closed","template":"","meta":[],"product_cat":[17],"product_tag":[],"_links":{"self":[{"href":"https:\/\/peipsisaar.ee\/ru\/wp-json\/wp\/v2\/product\/145"}],"collection":[{"href":"https:\/\/peipsisaar.ee\/ru\/wp-json\/wp\/v2\/product"}],"about":[{"href":"https:\/\/peipsisaar.ee\/ru\/wp-json\/wp\/v2\/types\/product"}],"replies":[{"embeddable":true,"href":"https:\/\/peipsisaar.ee\/ru\/wp-json\/wp\/v2\/comments?post=145"}],"wp:attachment":[{"href":"https:\/\/peipsisaar.ee\/ru\/wp-json\/wp\/v2\/media?parent=145"}],"wp:term":[{"taxonomy":"product_cat","embeddable":true,"href":"https:\/\/peipsisaar.ee\/ru\/wp-json\/wp\/v2\/product_cat?post=145"},{"taxonomy":"product_tag","embeddable":true,"href":"https:\/\/peipsisaar.ee\/ru\/wp-json\/wp\/v2\/product_tag?post=145"}],"curies":[{"name":"wp","href":"https:\/\/api.w.org\/{rel}","templated":true}]}}