{"id":147,"date":"2017-04-09T19:22:07","date_gmt":"2017-04-09T17:22:07","guid":{"rendered":""},"modified":"2017-09-18T14:40:59","modified_gmt":"2017-09-18T14:40:59","slug":"anketa-shkoly-za-1863-god","status":"publish","type":"product","link":"https:\/\/peipsisaar.ee\/ru\/statji\/anketa-shkoly-za-1863-god\/","title":{"rendered":"\u0410\u043d\u043a\u0435\u0442\u0430 \u044d\u0441\u0442\u043e\u043d\u0441\u043a\u043e\u0439 \u0448\u043a\u043e\u043b\u044b \u0437\u0430 1863 \u0433\u043e\u0434"},"content":{"rendered":"<p dir=\"ltr\">EAA.2569.1.78 leht 261.<\/p>\n<ol>\n<li dir=\"ltr\">\n<p dir=\"ltr\">1863. aasta kooli ankeet<\/p>\n<\/li>\n<\/ol>\n<p><strong><strong>\u00a0<\/strong><\/strong><\/p>\n<ol>\n<li dir=\"ltr\">\n<p dir=\"ltr\">Missuguses kihelkonnas, mis vallas ja k\u00fclas kool on?<\/p>\n<\/li>\n<\/ol>\n<p dir=\"ltr\">V\u00f5nnu kihelkonnas Kastre vallas ja Piirisaares.<\/p>\n<ol start=\"2\">\n<li dir=\"ltr\">\n<p dir=\"ltr\">Mitu poiss- ja t\u00fctarlast koolis k\u00e4ivad ja kas neid \u00fcheskoos koolitatakse?<\/p>\n<\/li>\n<\/ol>\n<p dir=\"ltr\">15 poisslast ja 9 t\u00fctarlast \u00fcheskoos.<\/p>\n<ol start=\"3\">\n<li dir=\"ltr\">\n<p dir=\"ltr\">Kui palju \u00fclepea lapsi k\u00fclas ehk kihelkonnas on, kes koolis peaksid k\u00e4ima?<\/p>\n<\/li>\n<\/ol>\n<p dir=\"ltr\">24 last<\/p>\n<ol start=\"4\">\n<li dir=\"ltr\">\n<p dir=\"ltr\">Kui vanad koolilapsed on?<\/p>\n<\/li>\n<\/ol>\n<p dir=\"ltr\">K\u00fcmnest ajastajast seni nii kaua kui peakooli l\u00e4evad.<\/p>\n<p dir=\"ltr\">(ajastajast = vanasti m\u00e4rgiti selle s\u00f5naga \u201caastaringi ehk aastat\u201d)<\/p>\n<p dir=\"ltr\">(peakool = leeri)<\/p>\n<ol start=\"5\">\n<li dir=\"ltr\">\n<p dir=\"ltr\">Kas koolilapsed lugema ja laulma \u00fcksip\u00e4ini, v\u00f5i ehk ka kirjutama ja rehkendama \u00f5pivad?<\/p>\n<\/li>\n<\/ol>\n<p dir=\"ltr\">Lugema, laulma, peat\u00fckke ja piiblilugemist \u00fcksinda.<\/p>\n<ol start=\"6\">\n<li dir=\"ltr\">\n<p dir=\"ltr\">Mis koolmeistri nimi on? Kui vana ja kas naisemees?<\/p>\n<\/li>\n<\/ol>\n<p dir=\"ltr\">Jaan Klimbek, 62 aastat vana ja naisemees.<\/p>\n<ol start=\"7\">\n<li dir=\"ltr\">\n<p dir=\"ltr\">Kuskohal koolmeistri ametit on \u00f5ppinud ja kas maakeelt \u00fcksi v\u00f5i ka m\u00f5nd teist keelt oskab?<\/p>\n<\/li>\n<\/ol>\n<p dir=\"ltr\">Ise\u00f5ppinu. Maakeelt ja vene keelt.<\/p>\n<ol start=\"8\">\n<li dir=\"ltr\">\n<p dir=\"ltr\">Kui kaua koolmeistri ametis olnud?<\/p>\n<\/li>\n<\/ol>\n<p dir=\"ltr\">29 aastat, ikka \u00fche koha peal.<\/p>\n<ol start=\"9\">\n<li dir=\"ltr\">\n<p dir=\"ltr\">Kas koolmeistri \u00fcksi koolitab, v\u00f5i on temal ka abi?<\/p>\n<\/li>\n<\/ol>\n<p dir=\"ltr\">Temal on abi, abilise nimi on Johan Paddar, 25 aastat vana ja naisemees.<\/p>\n<ol start=\"10\">\n<li dir=\"ltr\">\n<p dir=\"ltr\">Kas koolmeistri koolmeistriameti juures veel teist ametit talitab?<\/p>\n<\/li>\n<\/ol>\n<p dir=\"ltr\">On ka kellamees.<\/p>\n<ol start=\"11\">\n<li dir=\"ltr\">\n<p dir=\"ltr\">Kas m\u00f5is v\u00f5i kihelkond v\u00f5i k\u00fcla palka maksab ja kui suur see on?<\/p>\n<\/li>\n<\/ol>\n<p dir=\"ltr\">K\u00fcla ei maksa midagi.<\/p>\n<ol start=\"12\">\n<li dir=\"ltr\">\n<p dir=\"ltr\">Nii kui palju p\u00f5ldu ehk muud moona kooli koha k\u00fcljes on?<\/p>\n<\/li>\n<\/ol>\n<p dir=\"ltr\">M\u00f5isa poolest on obrok mahaj\u00e4tetud.<\/p>\n<p>&nbsp;<\/p>\n<p>&nbsp;<\/p>\n","protected":false},"excerpt":{"rendered":"<p dir=\"ltr\">EAA.2569.1.78 leht 261.<\/p>\n<p dir=\"ltr\">1863. aasta kooli ankeet<\/p>\n<p>&nbsp;<\/p>\n","protected":false},"featured_media":0,"comment_status":"open","ping_status":"closed","template":"","meta":[],"product_cat":[32],"product_tag":[],"_links":{"self":[{"href":"https:\/\/peipsisaar.ee\/ru\/wp-json\/wp\/v2\/product\/147"}],"collection":[{"href":"https:\/\/peipsisaar.ee\/ru\/wp-json\/wp\/v2\/product"}],"about":[{"href":"https:\/\/peipsisaar.ee\/ru\/wp-json\/wp\/v2\/types\/product"}],"replies":[{"embeddable":true,"href":"https:\/\/peipsisaar.ee\/ru\/wp-json\/wp\/v2\/comments?post=147"}],"wp:attachment":[{"href":"https:\/\/peipsisaar.ee\/ru\/wp-json\/wp\/v2\/media?parent=147"}],"wp:term":[{"taxonomy":"product_cat","embeddable":true,"href":"https:\/\/peipsisaar.ee\/ru\/wp-json\/wp\/v2\/product_cat?post=147"},{"taxonomy":"product_tag","embeddable":true,"href":"https:\/\/peipsisaar.ee\/ru\/wp-json\/wp\/v2\/product_tag?post=147"}],"curies":[{"name":"wp","href":"https:\/\/api.w.org\/{rel}","templated":true}]}}