{"id":154,"date":"2017-04-09T19:25:06","date_gmt":"2017-04-09T17:25:06","guid":{"rendered":""},"modified":"2018-04-09T20:19:30","modified_gmt":"2018-04-09T20:19:30","slug":"russkaya-ministerskaya-shkola-1904-4101921-god","status":"publish","type":"product","link":"https:\/\/peipsisaar.ee\/ru\/statji\/russkaja-ministerskaja-shkola-1904-4-10-1921-god\/","title":{"rendered":"\u0420\u0443\u0441\u0441\u043a\u0430\u044f \u043c\u0438\u043d\u0438\u0441\u0442\u0435\u0440\u0441\u043a\u0430\u044f \u0448\u043a\u043e\u043b\u0430 1904 &#8212; 4.10.1921 \u0433\u043e\u0434"},"content":{"rendered":"<p><\/p>\n<p style=\"text-align: center;\"><span style=\"font-size: 18px;\"><em><strong>Piirisaare 2-klassiline ministeeriumikool 1904-1921<\/strong><\/em><\/span><\/p>\n<p><strong><strong>\u00a0<\/strong><\/strong><\/p>\n<p dir=\"ltr\">1904. aastal asutati kroonu poolt venelaste jaoks \u00fcheklassiline ministeeriumikool, mille \u00f5petajaks, 1907. aasta rahvaloenduse j\u00e4rgi, oli m\u00e4\u00e4ratud Efimja Harlampi t. Mihhailova. Kolm aastat edenes kooli t\u00f6\u00f6 v\u00e4ga vaevaliselt, misj\u00e4rel 1909. aastal kool reorganiseeriti ja temast sai taas 2-klassiline kool.<\/p>\n<p dir=\"ltr\">Kool asus Piirik\u00fclas, spetsiaalselt kool tarvis 1905. aastal ehitatud (nii 1906.a kui ka 1917.a kaardi j\u00e4rgi otsustades Fjodor Gri\u0161akovi omandis olevas) \u00fc\u00fcrimajas, kus kooli k\u00e4sutuses oli 2 klassituba, 2 \u00f5petajatele m\u00f5eldud tuba ning \u00fcks k\u00f6\u00f6ktuba.<\/p>\n<p dir=\"ltr\">Ministeeriumikoolis \u00f5ppisid nii \u00f5igeusklike perede kui ka vanausuliste perede lapsed.<\/p>\n<p><strong><strong>\u00a0<\/strong><\/strong><\/p>\n<p dir=\"ltr\">Allj\u00e4rgnevalt andmed, mis kogutud 18. jaanuaril 1911. aastal \u00fclevenemaalisel \u00fchep\u00e4evasel algkoolide loendusel:<\/p>\n<ul>\n<li dir=\"ltr\">\n<p dir=\"ltr\">Asukoht: Liivi kubermangus, Jurjevi maakonnas, Piirisaarel, Piirik\u00fclas<\/p>\n<\/li>\n<li dir=\"ltr\">\n<p dir=\"ltr\">Asutatud 1904. aastal<\/p>\n<\/li>\n<li dir=\"ltr\">\n<p dir=\"ltr\">Koolit\u00fc\u00fcp: ministeeriumikool<\/p>\n<\/li>\n<li dir=\"ltr\">\n<p dir=\"ltr\">Esimene klassituba oli 8 arssina (1 arssin= 0,71 meetrit) pikkune, 11 arssina laiune ja 4 arssina k\u00f5rgune. P\u00f5randapinda oli 88 ruutarssinat. Aknaklaasi pindala oli 15\u00b3\/\u2081\u2086 ruutarssinat.<\/p>\n<\/li>\n<li dir=\"ltr\">\n<p dir=\"ltr\">Teine klassituba oli 9 arssina pikkune, 11 arssina laiune ja 4 arssina k\u00f5rgune. P\u00f5randapinda oli 99 ruutarssinat. Aknaklaasi pindala oli 15\u00b3\/\u2081\u2086 ruutarssinat.<\/p>\n<\/li>\n<li dir=\"ltr\">\n<p dir=\"ltr\">Esimene \u00f5petajatuba oli 6 arssina pikkune, 4 arssina laiune, 3 arssina k\u00f5rgune. P\u00f5randapinda oli 24 ruutarssinat. \u00a0Aknaklaasi pindala oli 7\u2075\/\u2086 \u00a0ruutarssinat.<\/p>\n<\/li>\n<li dir=\"ltr\">\n<p dir=\"ltr\">Teine \u00f5petajatuba oli 6 arssina pikkune, 5 arssina laiune, 3 arssina k\u00f5rgune. P\u00f5randapinda oli 30 ruutarssinat. Aknaklaasi pindala oli 3\u00be \u00a0ruutarssinat.<\/p>\n<\/li>\n<\/ul>\n<ul>\n<li dir=\"ltr\">\n<p dir=\"ltr\">K\u00f6\u00f6ktuba oli 5 arssina pikkune, 3 arssina laiune, 3 arssina k\u00f5rgune. P\u00f5randapinda oli 15 ruutarssinat. Aknaklaasi pindala oli 1\u2075\/\u2086 \u00a0ruutarssinat.<\/p>\n<\/li>\n<li dir=\"ltr\">\n<p dir=\"ltr\">K\u00f5rvalhooneteks olid ait ja kuur.<\/p>\n<\/li>\n<li dir=\"ltr\">\n<p dir=\"ltr\">Oma maad koolil ei olnud.<\/p>\n<\/li>\n<li dir=\"ltr\">\n<p dir=\"ltr\">\u00d5ppet\u00f6\u00f6 toimus tasuta.<\/p>\n<\/li>\n<li dir=\"ltr\">\n<p dir=\"ltr\">\u00d5ppekursus kestis 5 aastat.<\/p>\n<\/li>\n<\/ul>\n<ul>\n<li dir=\"ltr\">\n<p dir=\"ltr\">\u00d5ppetundide arv p\u00e4evas 6. Laup\u00e4ev oli l\u00fchendatud \u00f5ppetundidega p\u00e4ev.<\/p>\n<\/li>\n<li dir=\"ltr\">\n<p dir=\"ltr\">Koolis oli 2 klassi viie paralleel\u2013osakonnaga.<\/p>\n<\/li>\n<li dir=\"ltr\">\n<p dir=\"ltr\">Kool oli segakool, kus loenduse p\u00e4eval \u00f5ppis 61 poissi (kooli nimekirjas \u00fcldse 64 poissi), 14 t\u00fcdrukut (kooli nimekirjas samuti 14). Kokku oli kooli nimekirjas 78 \u00f5pilast. Eelmisel, 1909\/10 \u00f5ppeaastal, mis algas 1. sept \u2013 16. okt. ja l\u00f5ppes vastavalt 30.mail-10. juunil (igas jaoskonnas pisut erinevalt) l\u00f5putunnistusega l\u00f5petajaid ei olnud. K\u00fcll oli aga samal \u00f5ppeaastal koolist lahkunud 39 last (27 poissi ja 12 t\u00fcdrukut). Muude lahkumise p\u00f5hjuste hulgas oli ka viide: \u201criietuse ja jalatsite puudus\u201d.<\/p>\n<\/li>\n<li dir=\"ltr\">\n<p dir=\"ltr\">16.12.1909.-10.01.1910. aastani oli \u00f5ppet\u00f6\u00f6 koolis r\u00f5uge-epideemia t\u00f5ttu peatatud.<\/p>\n<\/li>\n<li dir=\"ltr\">\n<p dir=\"ltr\">Koolis korraldati ka 20 \u201cloengut rahvale\u201d. Keskmiselt oli \u00fchel loengul sadakond kuulajat.<\/p>\n<\/li>\n<li dir=\"ltr\">\n<p dir=\"ltr\">N\u00e4itlikke \u00f5ppevahendeid oli koolis 156. Lisaks 20 geograafia seinakaarti, 325 pilti, 1 valguspildiaparaat, 1 loodusloo kollektsioon ja joonistamise tabelid. \u00d5ppevahendite ligikaudne v\u00e4\u00e4rtus oli 1041.50 rubla.<\/p>\n<\/li>\n<li dir=\"ltr\">\n<p dir=\"ltr\">Kooli raamatukogu koosnes 98 klassiv\u00e4liseks lugemiseks m\u00f5eldud raamatust ja 92 \u00f5petajale m\u00f5eldud raamatust. Raamatukogu ligikaudne v\u00e4\u00e4rtus 330,63 rubla.<\/p>\n<\/li>\n<\/ul>\n<ul>\n<li dir=\"ltr\">\n<p dir=\"ltr\">Lisa\u00f5ppeainena \u00f5petati \u201cnoodist ja h\u00e4\u00e4lega\u201d laulmist, k\u00e4sit\u00f6\u00f6d nii poistele kui t\u00fcdrukutele, joonistamist, v\u00f5imlemist ning s\u00f5jav\u00e4elist \u00f5petust.<\/p>\n<\/li>\n<li dir=\"ltr\">\n<p dir=\"ltr\">V\u00e4rskes \u00f5hus m\u00e4ngimise kohta lastele etten\u00e4htud polnud.<\/p>\n<\/li>\n<li dir=\"ltr\">\n<p dir=\"ltr\">Arstiabi, \u00f5pilastele ja \u00f5petajatele, koolis ei osutatud. Arstiabipunkt asus 50 versta kaugusel.<\/p>\n<\/li>\n<li dir=\"ltr\">\n<p dir=\"ltr\">Koolis t\u00f6\u00f6tas kaks mees\u00f5petajat. Jossif Feodori p. Sokolov, kes oli 24 aastane, 1904. aastal Balti \u00d5petajate Seminari l\u00f5petanud vene rahvusest \u00f5igeusklik talupoeg. Vallaline. Elas aastaringi saarel. Oma nelja-aastasest \u00f5petajastaa\u017eist oli ta kolm Piirisaare 2-klassilises ministeeriumikoolis t\u00f6\u00f6tanud. Andis n\u00e4dalas 24 tundi. Tema p\u00f5hipalk aastas oli 360 rubla, lisaks 60 rubla tasu kooli juhtimise eest. Andrei Vassili p. Maidenkov, kes oli 21 \u00a0aastane, 1909. aastal Jurjevi \u00d5petajate Seminari l\u00f5petanud vene rahvusest \u00f5igeusklik v\u00e4ikekodanlane. Vallaline. Suveks lahkus saarelt. T\u00f6\u00f6staa\u017ei 1 aasta samas koolis. Andis n\u00e4dalas 23 tundi. Tema p\u00f5hipalk aastas oli 360 rubla.<\/p>\n<\/li>\n<\/ul>\n<p><strong><strong>\u00a0<\/strong><\/strong><\/p>\n<p dir=\"ltr\">16.05.1911.aasta Postimees kirjutas, et saarel oli kolm kooli: venelastel ministeeriumi ja kreeka-katoliku kiriku (Katoliku \u00d5igeusu kiriku ehk ortodoksi kiriku tooaegne vananenud nimetus) kool ning eestlastel Piirisaare vallakool. Ajaleht m\u00e4rkis, et ministeriumikoolis k\u00e4is tol hetkel 100 \u00f5pilase \u00fcmber.<\/p>\n<p dir=\"ltr\">1918.-1921. aastal asus kool Feodor Gri\u0161akovi lese Jevdokija Fjodori t. Gri\u0161akovaomandis olevas majas, mille juurde kuulus ka hobusetall, laut ning maat\u00fckk.<\/p>\n<p dir=\"ltr\">1921. aasta 14.m\u00e4rtsist kuni 1922.aasta 1.augustini juhatas, siis juba 4-klassilist, vene kooli 15-aastase \u00f5petajastaa\u017eiga, nii eesti-, vene- kui ka saksa keelt valdav eestlasest \u00f5igeusu preester Aleksander Mardi p. Leets.<\/p>\n<p dir=\"ltr\">Kooli\u00f5petajad olid samal ajal Antonina Timofei t. Dolgo\u0161eva ja Juliana Aleksei t. Gr\u00fcnthal.<\/p>\n<p dir=\"ltr\">1921\/22. \u00f5ppeaastaks lubas Tartu maakonna koolivalitsus, Piirisaare vene kooli hooldekogu palve peale ja maakonna haridusn\u00f5ukogu otsuse p\u00f5hjal Piirisaare vene koolis ka kolmanda \u00f5ppej\u00f5u ametisse seada.<br class=\"kix-line-break\" \/>Paraku laastas 1921. aasta 4. oktoobri \u00f5htul Piirisaart suur tulekahju, milles kool maatasa p\u00f5les.<\/p>\n<p><\/p>","protected":false},"excerpt":{"rendered":"<p dir=\"ltr\">1904. aastal asutati kroonu poolt venelaste jaoks \u00fcheklassiline ministeeriumikool, mille \u00f5petajaks, 1907. aasta rahvaloenduse j\u00e4rgi, oli m\u00e4\u00e4ratud Efimja Harlampi t. Mihhailova. Kolm aastat edenes kooli t\u00f6\u00f6 v\u00e4ga vaevaliselt, misj\u00e4rel 1909. aastal kool reorganiseeriti ja temast sai taas 2-klassiline kool.<\/p>\n","protected":false},"featured_media":0,"comment_status":"open","ping_status":"closed","template":"","meta":[],"product_cat":[34],"product_tag":[],"_links":{"self":[{"href":"https:\/\/peipsisaar.ee\/ru\/wp-json\/wp\/v2\/product\/154"}],"collection":[{"href":"https:\/\/peipsisaar.ee\/ru\/wp-json\/wp\/v2\/product"}],"about":[{"href":"https:\/\/peipsisaar.ee\/ru\/wp-json\/wp\/v2\/types\/product"}],"replies":[{"embeddable":true,"href":"https:\/\/peipsisaar.ee\/ru\/wp-json\/wp\/v2\/comments?post=154"}],"wp:attachment":[{"href":"https:\/\/peipsisaar.ee\/ru\/wp-json\/wp\/v2\/media?parent=154"}],"wp:term":[{"taxonomy":"product_cat","embeddable":true,"href":"https:\/\/peipsisaar.ee\/ru\/wp-json\/wp\/v2\/product_cat?post=154"},{"taxonomy":"product_tag","embeddable":true,"href":"https:\/\/peipsisaar.ee\/ru\/wp-json\/wp\/v2\/product_tag?post=154"}],"curies":[{"name":"wp","href":"https:\/\/api.w.org\/{rel}","templated":true}]}}