{"id":162,"date":"2017-04-09T19:31:14","date_gmt":"2017-04-09T17:31:14","guid":{"rendered":""},"modified":"2018-04-10T11:05:12","modified_gmt":"2018-04-10T11:05:12","slug":"elektrifikaciya","status":"publish","type":"product","link":"https:\/\/peipsisaar.ee\/ru\/statji\/jelektrifikacija\/","title":{"rendered":"\u042d\u043b\u0435\u043a\u0442\u0440\u0438\u0444\u0438\u043a\u0430\u0446\u0438\u044f"},"content":{"rendered":"<p><\/p>\n<p dir=\"ltr\" style=\"text-align: center;\"><span style=\"font-size: 18px;\"><em><strong>\u042d\u043b\u0435\u043a\u0442\u0440\u0438\u0444\u0438\u043a\u0430\u0446\u0438\u044f<\/strong><\/em><\/span><\/p>\n<p dir=\"ltr\">Esimesed elektrijaamad ehitati 19. sajandi kaheksak\u00fcmnendatel aastatel Ameerikas, Saksamaal ja Venemaal ning nii nagu mujal maailmas, v\u00f5eti peaaegu samal ajal elektrienergia kasutusele ka Eestis.<\/p>\n<p dir=\"ltr\">Iseenesest m\u00f5ista arenes algusaastatel elektrienergia levik ainult linnades, t\u00f6\u00f6stuslike j\u00f5ujaamade \u00fcmbruses. Maakondade \u00e4\u00e4remail, r\u00e4\u00e4kimata saartest puudusid k\u00f5rgepingeliinid ja alajaamad sootuks.<\/p>\n<p dir=\"ltr\">Ometi tahtis ka Piirisaare rahvas ajaga \u00fchte sammu k\u00e4ia, mis v\u00e4ljendus selles, et kohalik elanik Jaan Muutra rajas saarele &#171;Piirisaare k\u00fcla elektri jaama&#187; ning olles seal asjade toimetaja, s\u00f5lmis 1918. aasta 17. detsembril Piirisaare Seltsi nimel Karl Lestaga lepingu, mille j\u00e4rele hr. Lesta pidi teostama saarel v\u00e4limise \u00f5huliini t\u00f6id ning sisse seadma elektrivalgustuse nii Piirisaare k\u00fclas (163 lampi) kui ka Saare k\u00fclas (84 lampi). Samuti paigaldama &#171;60 akumulaatori, d\u00fcnamo-masina ning \u00fcles sedma j\u00f5ujagamise tahvlid&#187; ning tegema kohalikus elektrijaamas vajaminevaid parandust\u00f6id.<\/p>\n<p dir=\"ltr\">Karl Lesta lubas paigaldada &#171;plek sirmidega portselan rollit, mille pealt ripub lamp alla&#187; ja andis garantii, et &#171;t\u00f6\u00f6 saab korralikult tehtud et lambid p\u00f5levad&#187;.<\/p>\n<p dir=\"ltr\">T\u00f6\u00f6 oligi korralik, mida t\u00f5endas ka Jaan Muutra t\u00f6\u00f6de vastuv\u00f5tmise aktis.<\/p>\n<p dir=\"ltr\">T\u00f6\u00f6de eest tuli maksta j\u00e4rgmiselt:<\/p>\n<ul>\n<li dir=\"ltr\">\n<p dir=\"ltr\">247 elektrilambi + 4 lisalambi = 251 lambi (a125 rbl) sisseseade eest k\u00f5ige \u00f5huliiniga \u2013 kokku 31.375 rubla.<\/p>\n<\/li>\n<li dir=\"ltr\">\n<p dir=\"ltr\">60 akumulaatori, d\u00fcnamo-masina ja j\u00f5ujagamise tahvlite \u00fclesseadmise eest \u2013 1000 rubla.<\/p>\n<\/li>\n<li dir=\"ltr\">\n<p dir=\"ltr\">5 p\u00e4eva kestnud parandust\u00f6\u00f6de eest (30 rbl p\u00e4ev) \u2013 150 rubla.<\/p>\n<\/li>\n<\/ul>\n<p dir=\"ltr\">T\u00f6\u00f6de kogumaksumus \u2013 32.525 rubla.<\/p>\n<p dir=\"ltr\">Maksmine toimus osade kaupa, algul 2600, siis 3000, siis veel 2000 ning l\u00f5puks 500. Seega maksti Karl Lestale kokku 8100 rubla.<\/p>\n<p dir=\"ltr\">Siis aga tekkis piirisaarlastest asja-ajajate ja Jaan Muutra, vahel arusaamatus ning rahade v\u00e4ljamaksmine l\u00f5ppes.<\/p>\n<p dir=\"ltr\">\u00d5igluse jaluleseadmiseks p\u00f6\u00f6rdus Karl Lesta Tartu-W\u00f5ru Rahukogu poole.<\/p>\n<p dir=\"ltr\">Rahukogu saatis majaperemeeste seltsi eestseisusele kutset\u00e4he, ent \u00a0kohtuistungile kedagi ei ilmunud.<\/p>\n<p dir=\"ltr\">Seepeale tegi rahukogu tagaselja otsuse Piirisaare Majaperemeeste Seltsi k\u00e4est hr. Lesta kasuks 24425 marka \u00fches 6% v\u00e4lja m\u00f5ista ja otsus esialgsele t\u00e4itmisele p\u00f6\u00f6rata.<\/p>\n<p dir=\"ltr\">Kohtupristav s\u00f5itis Piirisaarele, kus selgus, et mingit Piirisaare Majaperemeeste Seltsi seltsina olemas ei ole, seltsi all on lihtsalt Piirisaare k\u00fcla majaomanikke m\u00f5eldud. Seega p\u00fc\u00fcdis kohtupristav &#171;t\u00e4itmisesedeli maksu n\u00f5udmisega\u201c&#187;anda Piirisaare k\u00fclavanem Juhan Savikule, kes aga t\u00f5rkus sedelit vastu v\u00f5tmast, pidades ennast selles kohtuasjas k\u00f5rvalseisjaks.<\/p>\n<p dir=\"ltr\">Mingit raha ei makstud ka seda n\u00f5udnud kohtupristavile.<\/p>\n<p dir=\"ltr\">Karl Lesta esitas kohtule oma n\u00f5udmise uuesti, seletades, et Piirisaare Majaperemeeste Selts ja Piirisaare k\u00fcla selts on \u00fcks ja seesama, mist\u00f5ttu tagaselja otsus selle faktiga t\u00e4iendada tuleks, et raha siiski tema kasuks kelleltki v\u00e4lja m\u00f5ista saaks.<\/p>\n<p dir=\"ltr\">Taas saadeti kohtukutse Piirisaarele, kust see aga peagi tagasi tuli v\u00e4itega, et keegi ennast mingi seltsi liikmeks ei tunnista, mingit esimeest ei olevat ning kutset polevat seega v\u00f5imalik kellelegi \u00fcle anda.<\/p>\n<p dir=\"ltr\">Et aga Karl Lesta vaidlustas ning j\u00e4ttis riigile maksmata nii tempelmaksu kui ka selle maksmata j\u00e4tmise eest m\u00e4\u00e4ratud trahvi, pandi kohtuasi kuni n\u00f5udja erakaebuse l\u00e4bivaatamiseni Tallinna Ringkonna kohtus, seisma.<\/p>\n<p dir=\"ltr\">Et Lesta keeldus j\u00e4tkuvalt tempelmaksu ja trahvi vabatahtliselt maksmisest, otsustas Tallinna Ringkonnakohus, et asi enam kohtu poolt mingisuguseid korraldusi ei n\u00f5ua.<\/p>\n<p dir=\"ltr\">Millega kogu lugu l\u00f5ppes, pole paraku teada..<\/p>\n<p dir=\"ltr\">Enne s\u00f5da olid m\u00f5nedes taredes valgusallikaks gaasilambid. Peale s\u00f5da peamiselt petrooliumlambid.<\/p>\n<figure id=\"attachment_548\" aria-describedby=\"caption-attachment-548\" style=\"width: 150px\" class=\"wp-caption alignright\"><a href=\"http:\/\/peipsisaar.ee\/wp-content\/uploads\/2017\/04\/FKa-2-1.jpg\"><img loading=\"lazy\" class=\"size-thumbnail wp-image-548\" src=\"http:\/\/peipsisaar.ee\/wp-content\/uploads\/2017\/04\/FKa-2-1-150x150.jpg\" alt=\"\" width=\"150\" height=\"150\" \/><\/a><figcaption id=\"caption-attachment-548\" class=\"wp-caption-text\">FKa 02. \u0417\u0434\u0430\u043d\u0438\u0435 \u044d\u043b\u0435\u043a\u0442\u0440\u043e\u043f\u043e\u0434\u0441\u0442\u0430\u043d\u0446\u0438\u0438.<\/figcaption><\/figure>\n<p style=\"text-align: left;\">1950-ndate aastate keskel ehitati elektrijaam, milles seisid kaks traktori mootorit &#171;MTC 74&#187;, mis tootsid k\u00fclale elektrit (praegu on selles hoones Piirisaare j\u00e4\u00e4tmejaam).<\/p>\n<p>&nbsp;<\/p>\n<p dir=\"ltr\" style=\"text-align: left;\">Kui majadesse hakati elektrit vedama, lubati igasse tuppa vaid \u00fcks elektripirn paigaldada.<\/p>\n<p dir=\"ltr\" style=\"text-align: left;\">Elektrit anti jaokaupa:<\/p>\n<ul style=\"text-align: left;\">\n<li dir=\"ltr\">\n<p dir=\"ltr\">argip\u00e4eva hommikul kl. 5.00-11.00<\/p>\n<\/li>\n<li dir=\"ltr\">\n<p dir=\"ltr\">p\u00fchap\u00e4eviti kl. 5.00- 12.00<\/p>\n<\/li>\n<li dir=\"ltr\">\n<p dir=\"ltr\">\u00f5htuti kl. 18.00-22.00.<\/p>\n<\/li>\n<\/ul>\n<figure id=\"attachment_547\" aria-describedby=\"caption-attachment-547\" style=\"width: 150px\" class=\"wp-caption alignright\"><a href=\"http:\/\/peipsisaar.ee\/wp-content\/uploads\/2017\/04\/GaFe-03-1.jpg\"><img loading=\"lazy\" class=\"wp-image-547 size-thumbnail\" src=\"http:\/\/peipsisaar.ee\/wp-content\/uploads\/2017\/04\/GaFe-03-1-150x150.jpg\" alt=\"\" width=\"150\" height=\"150\" \/><\/a><figcaption id=\"caption-attachment-547\" class=\"wp-caption-text\">GaFe 03: \u0442\u0440\u0430\u043a\u0442\u043e\u0440 \u041c\u0422\u0421 74.<\/figcaption><\/figure>\n<p>Elektrijaama hooldas elektrik Ioli Kulikov.<\/p>\n<p>&nbsp;<\/p>\n<p>&nbsp;<\/p>\n<p dir=\"ltr\">Varsti ilmus ka raadio, mis t\u00f6\u00f6tas hommikuti kl. 6.00-11.00 \u00a0ning edastas peamiselt kolhoosi uudiseid ja ilmateateid. Diktoriks oli Roman Gri\u0161akov. \u00d5htuti kl. 17.00-23.00 m\u00e4ngis raadios muusika.<\/p>\n<p dir=\"ltr\">Hiljem \u00fchendati saar veealuse maakaabliga ja elekter hakkas tulema mandrilt.<\/p>\n<p><\/p>","protected":false},"excerpt":{"rendered":"<p>\u042d\u043b\u0435\u043a\u0442\u0440\u0438\u0444\u0438\u043a\u0430\u0446\u0438\u044f Esimesed elektrijaamad ehitati 19. sajandi kaheksak\u00fcmnendatel aastatel Ameerikas, Saksamaal ja Venemaal ning nii nagu mujal maailmas, v\u00f5eti peaaegu samal ajal elektrienergia kasutusele ka Eestis. Iseenesest m\u00f5ista arenes algusaastatel elektrienergia levik ainult linnades, t\u00f6\u00f6stuslike j\u00f5ujaamade \u00fcmbruses. Maakondade \u00e4\u00e4remail, r\u00e4\u00e4kimata saartest puudusid k\u00f5rgepingeliinid ja alajaamad sootuks. Ometi tahtis ka Piirisaare rahvas ajaga \u00fchte sammu k\u00e4ia, mis [&hellip;]<\/p>\n","protected":false},"featured_media":0,"comment_status":"open","ping_status":"closed","template":"","meta":[],"product_cat":[19],"product_tag":[],"_links":{"self":[{"href":"https:\/\/peipsisaar.ee\/ru\/wp-json\/wp\/v2\/product\/162"}],"collection":[{"href":"https:\/\/peipsisaar.ee\/ru\/wp-json\/wp\/v2\/product"}],"about":[{"href":"https:\/\/peipsisaar.ee\/ru\/wp-json\/wp\/v2\/types\/product"}],"replies":[{"embeddable":true,"href":"https:\/\/peipsisaar.ee\/ru\/wp-json\/wp\/v2\/comments?post=162"}],"wp:attachment":[{"href":"https:\/\/peipsisaar.ee\/ru\/wp-json\/wp\/v2\/media?parent=162"}],"wp:term":[{"taxonomy":"product_cat","embeddable":true,"href":"https:\/\/peipsisaar.ee\/ru\/wp-json\/wp\/v2\/product_cat?post=162"},{"taxonomy":"product_tag","embeddable":true,"href":"https:\/\/peipsisaar.ee\/ru\/wp-json\/wp\/v2\/product_tag?post=162"}],"curies":[{"name":"wp","href":"https:\/\/api.w.org\/{rel}","templated":true}]}}