{"id":164,"date":"2017-04-09T19:32:08","date_gmt":"2017-04-09T17:32:08","guid":{"rendered":""},"modified":"2018-04-10T11:00:59","modified_gmt":"2018-04-10T11:00:59","slug":"sudokhodnyj-kanal-i-ego-uglublenie","status":"publish","type":"product","link":"https:\/\/peipsisaar.ee\/ru\/statji\/sudohodnyj-kanal-i-ego-uglublenie\/","title":{"rendered":"\u0421\u0443\u0434\u043e\u0445\u043e\u0434\u043d\u044b\u0439 \u043a\u0430\u043d\u0430\u043b \u0438 \u0435\u0433\u043e \u0443\u0433\u043b\u0443\u0431\u043b\u0435\u043d\u0438\u0435"},"content":{"rendered":"<p><\/p>\n<p style=\"text-align: center;\"><strong><strong>\u00a0<\/strong><\/strong><span style=\"font-size: 18px;\"><strong><em>\u0421\u0443\u0434\u043e\u0445\u043e\u0434\u043d\u044b\u0439 \u043a\u0430\u043d\u0430\u043b \u0438 \u0435\u0433\u043e \u0443\u0433\u043b\u0443\u0431\u043b\u0435\u043d\u0438\u0435<\/em><\/strong><\/span><\/p>\n<p><strong><strong>\u00a0<\/strong><\/strong><\/p>\n<p dir=\"ltr\">\u0421\u043e\u0435\u0434\u0438\u043d\u0435\u043d\u0438\u0435 \u043c\u0435\u0436\u0434\u0443 \u043e\u0441\u0442\u0440\u043e\u0432\u043e\u043c \u041f\u0438\u0439\u0440\u0438\u0441\u0430\u0430\u0440 \u0438 \u043c\u0430\u0442\u0435\u0440\u0438\u043a\u043e\u043c \u0431\u044b\u043b\u043e \u0432\u0441\u0435\u0433\u0434\u0430 \u043e\u0441\u043b\u043e\u0436\u043d\u0435\u043d\u043e.<\/p>\n<p dir=\"ltr\">\u0412 1926 \u0433\u043e\u0434\u0443 \u0447\u0435\u0440\u0435\u0437 \u041f\u0438\u0439\u0440\u0438\u0441\u0430\u0430\u0440 \u043f\u0440\u043e\u0448\u043b\u043e 160 \u043a\u043e\u0440\u0430\u0431\u043b\u0435\u0439 \u0438 1527 \u043f\u0430\u0441\u0441\u0430\u0436\u0438\u0440\u043e\u0432. \u041f\u0435\u0440\u0435\u0432\u0435\u0437\u043b\u0438 16.517 \u043f\u0443\u0434\u0430 \u0442\u043e\u0432\u0430\u0440\u043e\u0432.<\/p>\n<p dir=\"ltr\">Kuid k\u00f5ik see oli v\u00e4ga vaevaline, ise\u00e4ranis tormiste ilmadega, sest suured laevad, mis 6 jala (1,80 m) s\u00fcgavuselt vees istusid, pidid saart \u00fcmbritseva madaliku t\u00f5ttu kaldast veerand kuni pool versta eemal seisma j\u00e4\u00e4ma. Seal laaditit kraam ja reisijad lootsikutesse. Lootsikutele tulid vastu hobusemehed, kes tulijad koos pampudega vankritel l\u00f5plikult kuivale maale toimetasid.<\/p>\n<p dir=\"ltr\">Ometi oli saare l\u00f5unapoolses otsas olemas endistest aegadest lai ja s\u00fcgav kraav, mis kaevatud umbes saja aasta eest ning ajapikku t\u00e4iesti kinni kasvanud. Selle s\u00fcvendamisel v\u00f5inuks laevad otsekohe kalda \u00e4\u00e4rde p\u00e4\u00e4seda. Samas oli ka koht sadama loomiseks.<\/p>\n<p dir=\"ltr\">Nii esitasidki piirisaarlased 1931. aastal teedeminister Aleksander Oinasele, kes \u00a0koos k\u00f5rgemate ametnike ning Tartu sadamakapteni hr. Rait Vatseliga L\u00f5una-Eesti veeteedel ringreisi tegi ning ka Piirisaart k\u00fclastas, palve, et saarele saaks ehitatud 1 \u215f\u2082 km pikkune kanal, mis \u00fchendaks Eesti poolse ranna Vene poolsega.<\/p>\n<p dir=\"ltr\">Piirisaare k\u00fcla asus ju Vene piiri \u00e4\u00e4res, kuid laevadel polnud v\u00f5imalik seal madala vee t\u00f5ttu peatuda, mist\u00f5ttu nii reisijate- kui ka kaubalaevad peatusid soostunud Eesti poolse kalda l\u00e4heduses. See omakorda v\u00f5ttis kohalikelt elanikelt v\u00f5imaluse oma kaupa odavatel tingimustel edasi toimetada, tehes piirisaarlaste kauba 2 senti puuda pealt kallimaks.<\/p>\n<p dir=\"ltr\">Piirisaar, oma k\u00fcllalt arvestatava hulga elanikkonnaga, pidi saama v\u00e4hegi korralikuma \u00fchenduse. Kanalist l\u00e4bip\u00e4\u00e4s avanuks suurep\u00e4rase v\u00f5imaluse mugavaks transpordiks.<\/p>\n<p dir=\"ltr\">Minister, m\u00f5istes olukorra t\u00f5sidust, eraldas rahalised vahendid ning kanali h\u00e4daabi korras s\u00fcvendamine algas 1933. aasta jaanuaris.<\/p>\n<figure id=\"attachment_568\" aria-describedby=\"caption-attachment-568\" style=\"width: 150px\" class=\"wp-caption alignright\"><a href=\"http:\/\/peipsisaar.ee\/wp-content\/uploads\/2017\/04\/KTu-10-\u041e\u0434\u044b\u0445-\u043f\u043e\u0441\u043b\u0435-\u043a\u043e\u043f\u0430\u043d\u0438\u044f-\u043a\u0430\u043d\u0430\u043b\u0430-1..jpg\"><img loading=\"lazy\" class=\"wp-image-568 size-thumbnail\" src=\"http:\/\/peipsisaar.ee\/wp-content\/uploads\/2017\/04\/KTu-10-\u041e\u0434\u044b\u0445-\u043f\u043e\u0441\u043b\u0435-\u043a\u043e\u043f\u0430\u043d\u0438\u044f-\u043a\u0430\u043d\u0430\u043b\u0430-1.-150x150.jpg\" alt=\"\" width=\"150\" height=\"150\" \/><\/a><figcaption id=\"caption-attachment-568\" class=\"wp-caption-text\">KTo 10: \u043d\u0430 \u043e\u0442\u0434\u044b\u0445\u0435, \u043f\u043e\u0441\u043b\u0435 \u043a\u043e\u043f\u0430\u043d\u0438\u044f \u043a\u0430\u043d\u0430\u043b\u0430.<\/figcaption><\/figure>\n<p dir=\"ltr\">Esialgu leidis kaevet\u00f6\u00f6del t\u00f6\u00f6d korraga k\u00fcmmekond inimest, keda siis kolme p\u00e4eva takka teiste vastu vahetati, et suuremale arvule elanikele t\u00f6\u00f6d pakkuda, kuna Piirisaarel oli t\u00f6\u00f6tuid 224 inimest. Kaevet\u00f6\u00f6del osalesid peamiselt mehed, kuid ka m\u00f5ned kangemad naised l\u00f5id k\u00e4ed k\u00fclge. Meeste p\u00e4evapalk oli 1.30 Eesti marka, naiste p\u00e4evapalk oli 1.10 Eesti marka. Hobusega meeste p\u00e4evapalk oli 2.40 Eesti marka. T\u00f6\u00f6tati kolme k\u00e4sikopaga ja kuna asjad edenesid j\u00f5udsasti, paluti t\u00f6\u00f6de laiendamiseks ka lisakrediiti.<\/p>\n<p dir=\"ltr\">Veeteede valitsuse esindaja inspektor Freiberg k\u00e4is kohal t\u00f6\u00f6dega tutvumas, j\u00e4i nendega t\u00e4iesti rahule ning teedeminister m\u00e4\u00e4raski t\u00e4iendavat krediiti 500 krooni.<\/p>\n<p dir=\"ltr\">Kuid kuna s\u00fcvendust\u00f6\u00f6de eelarves oli krediiti antud ikkagi ainult 20.000 kuubikmeetri krundi v\u00e4ljat\u00f5stmiseks, oldi \u00fchel hetkel sunnitud t\u00f5dema, et kanali s\u00fcvendamine tuleb poole pealt krediidipuudusel katkestada ning edaspidine t\u00f6\u00f6 j\u00e4tta paremate aegade lootuses tuleviku peale.<\/p>\n<p dir=\"ltr\">Kuid kuna olukord oli sedav\u00f5rd hull, et tormise ilmaga Piirisaarele enam paatidegagi ei p\u00e4\u00e4senud, r\u00e4\u00e4kimata laevast ning see teema oli p\u00e4evakorral olnud juba ligemale k\u00fcmme aastat, n\u00e4gi veeteede valitsuse s\u00fcvendust\u00f6\u00f6de kava ette 1935. aasta suvel Piirisaare kanali puhastamise ja s\u00fcvendamise t\u00f6\u00f6de uuesti k\u00e4sile v\u00f5tmise.<\/p>\n<figure id=\"attachment_569\" aria-describedby=\"caption-attachment-569\" style=\"width: 150px\" class=\"wp-caption alignright\"><a href=\"http:\/\/peipsisaar.ee\/wp-content\/uploads\/2017\/04\/EFA-1.117.0-29110-Piirisaare-kanali-suvendamine-07.1935_fk.jpg\"><img loading=\"lazy\" class=\"wp-image-569 size-thumbnail\" src=\"http:\/\/peipsisaar.ee\/wp-content\/uploads\/2017\/04\/EFA-1.117.0-29110-Piirisaare-kanali-suvendamine-07.1935_fk-150x150.jpg\" alt=\"\" width=\"150\" height=\"150\" \/><\/a><figcaption id=\"caption-attachment-569\" class=\"wp-caption-text\">EFA 117.0-29110: \u0443\u0433\u043b\u0443\u0431\u043b\u0435\u043d\u0438\u0435 \u043a\u0430\u043d\u0430\u043b\u0430 \u043d\u0430 \u043e\u0441\u0442\u0440\u043e\u0432\u0435 \u041f\u0438\u0439\u0440\u0438\u0441\u0430\u0430\u0440 \u0432 \u0438\u044e\u043b\u0435 1935 \u0433\u043e\u0434\u0430.<\/figcaption><\/figure>\n<p>&nbsp;<\/p>\n<p dir=\"ltr\">1935. aasta juunis s\u00f5itis Tartust v\u00e4lja aurulaev \u201cUku\u201d, tuues kaasa praami koos s\u00fcvendusabin\u00f5ude, seitsme k\u00e4sikopa ja meeskonnaga. T\u00f6id hakkas juhatama s\u00fcvendaja \u201eOst&#8217;i&#187; kapten Kokla. S\u00fcvendust\u00f6\u00f6de juures leidsid vahetustega t\u00f6\u00f6d ka paark\u00fcmmend kohalikku inimest. Meeste p\u00e4evapalk oli 1.80 Eesti marka, puuseppadel 2.20 Eesti marka.<\/p>\n<p dir=\"ltr\">Kanali ehitust\u00f6\u00f6de kulud t\u00f5usid pooleteise miljoni sendini.<\/p>\n<p dir=\"ltr\">1935. aasta s\u00fcgisel loeti Piirisaare kanali kaevamist\u00f6\u00f6d l\u00f5ppenuks.<\/p>\n<p dir=\"ltr\">Kolme aasta t\u00f6\u00f6 tulemusena oli loodud vaba juurep\u00e4\u00e4s k\u00fclale ning kanali l\u00f5pp-punkti ehitatud varjupaik umbes viiek\u00fcmne paadi tarvis, mis rahuldas saare peamiselt kaluritest koosneva elanikkonna ammust vajadust.<\/p>\n<figure id=\"attachment_570\" aria-describedby=\"caption-attachment-570\" style=\"width: 150px\" class=\"wp-caption alignright\"><a href=\"http:\/\/peipsisaar.ee\/wp-content\/uploads\/2017\/04\/EFA-1.117.0-29111-Piirisaare-suvendatud-kanaliosal-on-liiklemine-alanud-07.1935_fk.jpg\"><img loading=\"lazy\" class=\"wp-image-570 size-thumbnail\" src=\"http:\/\/peipsisaar.ee\/wp-content\/uploads\/2017\/04\/EFA-1.117.0-29111-Piirisaare-suvendatud-kanaliosal-on-liiklemine-alanud-07.1935_fk-150x150.jpg\" alt=\"\" width=\"150\" height=\"150\" \/><\/a><figcaption id=\"caption-attachment-570\" class=\"wp-caption-text\">EFA 117.0-29111: \u043d\u0430\u0447\u0430\u043b\u043e \u0441\u0443\u0434\u043e\u0445\u043e\u0434\u0441\u0442\u0432\u0430 \u043d\u0430 \u0443\u0433\u043b\u0443\u0431\u043b\u0435\u043d\u043d\u043e\u043c \u043a\u0430\u043d\u0430\u043b\u0435 \u0432 \u0438\u044e\u043b\u0435 1935 \u0433\u043e\u0434\u0430.<\/figcaption><\/figure>\n<p dir=\"ltr\">1936. aasta algul p\u00f6\u00f6rduti riigivanema poole uue kirjaga, milles paluti ka saabunud aastal korraldada saarel h\u00e4daabit\u00f6id ning kanali puhastamist, sest kanal olla varsti p\u00e4rast s\u00fcvendamist osaliselt uuesti muda ja risuga t\u00e4itunud.<\/p>\n<p dir=\"ltr\">1936. aasta mais s\u00f5itis Tartu sadamast v\u00e4lja s\u00fcvendaja \u201eOst&#187; koos 3 praami ja vedurlaevaga. Laevade karavan s\u00f5itis Mustveesse, kus algas s\u00fcvendamine. Peale sealsete s\u00fcvendust\u00f6\u00f6de l\u00f5ppu asus s\u00fcvendaja \u201eOst&#187; t\u00f6\u00f6le Piirisaare kanali suus, kus kavandati s\u00fcvendada laevas\u00f5idu teed, et edaspidi laevad kanali suus kohe sadamasilla \u00e4\u00e4rde p\u00e4\u00e4seksid. Kokku v\u00f5eti kanali s\u00fcvendamisel v\u00e4lja 20.800 kantmeetrit mitmesugust r\u00e4di ja muda. Uus s\u00fcvendatud kanal oli madalamast keskmisest veepinna seisust arvates 2,25 kuni 2,30 meetrit s\u00fcgav.<\/p>\n<p dir=\"ltr\">Kanali otsa ehitati v\u00e4iline sadamasild ja ooteruum, et reisijatel ei tarvitseks oodata lageda taeva all.<\/p>\n<p dir=\"ltr\">1937. aasta s\u00fcgisel tuli Piirisaare vee\u00fching v\u00e4ga omap\u00e4rasele m\u00f5ttele, kaevata maaparanduseks magistraalkraav, mis v\u00f5imaldaks ka laevadele liiklemise. Peeti Piirisaare ja Saarek\u00fcla vee\u00fchisuste \u00fchine koosolek, kus otsustati astuda samme selleks, et magistraalkraav 1,2 km pikkuse juures \u201cv\u00f5etakse 3 m s\u00fcgav ja 15 m lai\u201d. Selline suur kraav kuivataks umbes \u2154 Piirisaare maa-alast ja v\u00f5imaldaks liikuda laevadel ja lotjadel. Seega oleks tabatud kaks k\u00e4rbest korraga.<\/p>\n<figure id=\"attachment_571\" aria-describedby=\"caption-attachment-571\" style=\"width: 150px\" class=\"wp-caption alignright\"><a href=\"http:\/\/peipsisaar.ee\/wp-content\/uploads\/2017\/04\/MMF2755Piirisaare-kanali-suvendamine-27-1.07.1938.jpg\"><img loading=\"lazy\" class=\"wp-image-571 size-thumbnail\" src=\"http:\/\/peipsisaar.ee\/wp-content\/uploads\/2017\/04\/MMF2755Piirisaare-kanali-suvendamine-27-1.07.1938-150x150.jpg\" alt=\"\" width=\"150\" height=\"150\" \/><\/a><figcaption id=\"caption-attachment-571\" class=\"wp-caption-text\">MMF 2755: \u0443\u0433\u043b\u0443\u0431\u043b\u0435\u043d\u0438\u0435 \u043a\u0430\u043d\u0430\u043b\u0430 27 \u0438\u044e\u043b\u044f 1938 \u0433\u043e\u0434\u0430.<\/figcaption><\/figure>\n<p dir=\"ltr\">1938. aasta augustis seisti taaskord fakti ees, et Piirisaare kanal on nii madal, et paatidega sinna sisse s\u00f5ita enam ei saa. Tartu maavalitsus m\u00e4\u00e4ras kanali s\u00fcvendamise t\u00f6\u00f6d ettev\u00f5tja Arnold M\u00fcllersonile.<\/p>\n<p dir=\"ltr\">1940. aastal polnud s\u00f5udej\u00f5ul paadi edasitoimetamine enam m\u00f5eldavgi. Paadile rakendati pikkade k\u00f6itega ette hobune, kes paati pool-p\u00f5iki kaldalt vedas. Piirisaare kolm k\u00fcla asusid k\u00f5ik saare \u00fchel k\u00fcljel, sadam aga j\u00e4i Meerapalu poolsesse otsa. Sealt oli k\u00fcladeni tublisti \u00fcle kahe kilomeetri.<\/p>\n<p dir=\"ltr\">Talviti oli kanal korralikult t\u00e4is tuisanud, suvel aga kandis vesi j\u00e4rvest ikka ja j\u00e4lle setteid ja muda, mida vajus mehiselt ka soistelt kallastelt.<\/p>\n<p dir=\"ltr\">Seega tuli piirisaarlastel nentida, et n\u00f6\u00f6rsirgest kanalist on rohkem h\u00e4da kui kasu.<\/p>\n<p>&nbsp;<\/p>","protected":false},"excerpt":{"rendered":"<p>\u00a0\u0421\u0443\u0434\u043e\u0445\u043e\u0434\u043d\u044b\u0439 \u043a\u0430\u043d\u0430\u043b \u0438 \u0435\u0433\u043e \u0443\u0433\u043b\u0443\u0431\u043b\u0435\u043d\u0438\u0435 \u00a0 \u0421\u043e\u0435\u0434\u0438\u043d\u0435\u043d\u0438\u0435 \u043c\u0435\u0436\u0434\u0443 \u043e\u0441\u0442\u0440\u043e\u0432\u043e\u043c \u041f\u0438\u0439\u0440\u0438\u0441\u0430\u0430\u0440 \u0438 \u043c\u0430\u0442\u0435\u0440\u0438\u043a\u043e\u043c \u0431\u044b\u043b\u043e \u0432\u0441\u0435\u0433\u0434\u0430 \u043e\u0441\u043b\u043e\u0436\u043d\u0435\u043d\u043e. \u0412 1926 \u0433\u043e\u0434\u0443 \u0447\u0435\u0440\u0435\u0437 \u041f\u0438\u0439\u0440\u0438\u0441\u0430\u0430\u0440 \u043f\u0440\u043e\u0448\u043b\u043e 160 \u043a\u043e\u0440\u0430\u0431\u043b\u0435\u0439 \u0438 1527 \u043f\u0430\u0441\u0441\u0430\u0436\u0438\u0440\u043e\u0432. \u041f\u0435\u0440\u0435\u0432\u0435\u0437\u043b\u0438 16.517 \u043f\u0443\u0434\u0430 \u0442\u043e\u0432\u0430\u0440\u043e\u0432. Kuid k\u00f5ik see oli v\u00e4ga vaevaline, ise\u00e4ranis tormiste ilmadega, sest suured laevad, mis 6 jala (1,80 m) s\u00fcgavuselt vees istusid, pidid saart \u00fcmbritseva madaliku t\u00f5ttu [&hellip;]<\/p>\n","protected":false},"featured_media":427,"comment_status":"open","ping_status":"closed","template":"","meta":[],"product_cat":[19],"product_tag":[],"_links":{"self":[{"href":"https:\/\/peipsisaar.ee\/ru\/wp-json\/wp\/v2\/product\/164"}],"collection":[{"href":"https:\/\/peipsisaar.ee\/ru\/wp-json\/wp\/v2\/product"}],"about":[{"href":"https:\/\/peipsisaar.ee\/ru\/wp-json\/wp\/v2\/types\/product"}],"replies":[{"embeddable":true,"href":"https:\/\/peipsisaar.ee\/ru\/wp-json\/wp\/v2\/comments?post=164"}],"wp:featuredmedia":[{"embeddable":true,"href":"https:\/\/peipsisaar.ee\/ru\/wp-json\/wp\/v2\/media\/427"}],"wp:attachment":[{"href":"https:\/\/peipsisaar.ee\/ru\/wp-json\/wp\/v2\/media?parent=164"}],"wp:term":[{"taxonomy":"product_cat","embeddable":true,"href":"https:\/\/peipsisaar.ee\/ru\/wp-json\/wp\/v2\/product_cat?post=164"},{"taxonomy":"product_tag","embeddable":true,"href":"https:\/\/peipsisaar.ee\/ru\/wp-json\/wp\/v2\/product_tag?post=164"}],"curies":[{"name":"wp","href":"https:\/\/api.w.org\/{rel}","templated":true}]}}