{"id":182,"date":"2017-04-09T19:42:33","date_gmt":"2017-04-09T17:42:33","guid":{"rendered":"http:\/\/peipsisaar.ee\/artiklid\/film-meie-piirissaarlased-1987\/"},"modified":"2018-04-29T20:30:41","modified_gmt":"2018-04-29T20:30:41","slug":"film-meie-piirissaarlased","status":"publish","type":"product","link":"https:\/\/peipsisaar.ee\/ru\/statji\/film-meie-piirissaarlased-1987\/","title":{"rendered":"\u0424\u0438\u043b\u044c\u043c &#171;\u041c\u044b, \u041f\u0438\u0439\u0440\u0438\u0441\u0430\u0430\u0440\u0446\u044b&#187; 1987"},"content":{"rendered":"<p>\u0414\u043e\u043a\u0443\u043c\u0435\u043d\u0442\u0430\u043b\u044c\u043d\u044b\u0439 \u0444\u0438\u043b\u044c\u043c &#171;\u041c\u044b, \u041f\u0438\u0439\u0440\u0438\u0441\u0430\u0430\u0440\u0446\u044b&#187; \u0440\u0430\u0441\u0441\u043a\u0430\u0437\u044b\u0432\u0430\u0435\u0442 \u043e \u0436\u0438\u0437\u043d\u0438 \u0438 \u0431\u044b\u0442\u0435 \u043d\u0430 \u043e\u0441\u0442\u0440\u043e\u0432\u0435 \u041f\u0438\u0439\u0440\u0438\u0441\u0430\u0430\u0440.<\/p>\n<p>\u0418\u0437\u0433\u043e\u0442\u043e\u0432\u0438\u0442\u0435\u043b\u044c: Tallinnfilm, 1987 \u0433\u043e\u0434<\/p>\n<p>Re\u017eis\u00f6\u00f6r, stsenarist ja operaator Semjon \u0160kolnikov.<\/p>\n<p>\u0424\u0438\u043b\u044c\u043c \u043f\u0440\u0435\u0434\u043e\u0441\u0442\u0430\u0432\u043b\u0435\u043d\u00a0 \u042d\u0441\u0442\u043e\u043d\u0441\u043a\u0438\u043c \u043a\u0438\u043d\u043e\u0430\u0440\u0445\u0438\u0432\u043e\u043c (Eesti filmibaas <a href=\"http:\/\/www.efis.ee\"><u>www.efis.ee<\/u><\/a><\/p>\n<p>\u0424\u0438\u043b\u044c\u043c \u043c\u043e\u0436\u043d\u043e \u043f\u043e\u0441\u043c\u043e\u0442\u0440\u0435\u0442\u044c \u0437\u0434\u0435\u0441\u044c:<\/p>","protected":false},"excerpt":{"rendered":"<p>Dokumentaalfilm \u201eMeie, piirissaarlased\u201c jutustab Piirissaare elust ja olmest.<br \/>\nTootja: Tallinnfilm, 1987<br \/>\nRe\u017eis\u00f6\u00f6r, stsenarist ja operaator Semjon \u0160kolnikov.<\/p>\n","protected":false},"featured_media":288,"comment_status":"open","ping_status":"closed","template":"","meta":[],"product_cat":[40],"product_tag":[],"_links":{"self":[{"href":"https:\/\/peipsisaar.ee\/ru\/wp-json\/wp\/v2\/product\/182"}],"collection":[{"href":"https:\/\/peipsisaar.ee\/ru\/wp-json\/wp\/v2\/product"}],"about":[{"href":"https:\/\/peipsisaar.ee\/ru\/wp-json\/wp\/v2\/types\/product"}],"replies":[{"embeddable":true,"href":"https:\/\/peipsisaar.ee\/ru\/wp-json\/wp\/v2\/comments?post=182"}],"wp:featuredmedia":[{"embeddable":true,"href":"https:\/\/peipsisaar.ee\/ru\/wp-json\/wp\/v2\/media\/288"}],"wp:attachment":[{"href":"https:\/\/peipsisaar.ee\/ru\/wp-json\/wp\/v2\/media?parent=182"}],"wp:term":[{"taxonomy":"product_cat","embeddable":true,"href":"https:\/\/peipsisaar.ee\/ru\/wp-json\/wp\/v2\/product_cat?post=182"},{"taxonomy":"product_tag","embeddable":true,"href":"https:\/\/peipsisaar.ee\/ru\/wp-json\/wp\/v2\/product_tag?post=182"}],"curies":[{"name":"wp","href":"https:\/\/api.w.org\/{rel}","templated":true}]}}