{"id":499,"date":"2017-11-11T12:45:38","date_gmt":"2017-11-11T12:45:38","guid":{"rendered":"http:\/\/peipsisaar.ee\/?post_type=product&#038;p=499"},"modified":"2018-04-10T13:47:20","modified_gmt":"2018-04-10T13:47:20","slug":"ajaleht-eesti-sona-27-02-1942-piirisaarel-peeti-raskeid-voitlusi","status":"publish","type":"product","link":"https:\/\/peipsisaar.ee\/ru\/statji\/gazeta-eesti-sona-za-27-fevralja-1942-god-na-pijrisaare-prohodjat-tjazhelye-srazhenija\/","title":{"rendered":"\u0413\u0430\u0437\u0435\u0442\u0430 \u201cEesti S\u00f5na\u201d \u0437\u0430 27 \u0444\u0435\u0432\u0440\u0430\u043b\u044f 1944 \u0433\u043e\u0434: &#171;\u041d\u0430 \u041f\u0438\u0439\u0440\u0438\u0441\u0430\u0430\u0440\u0435 \u043f\u0440\u043e\u0445\u043e\u0434\u044f\u0442 \u0442\u044f\u0436\u0435\u043b\u044b\u0435 \u0441\u0440\u0430\u0436\u0435\u043d\u0438\u044f&#187;"},"content":{"rendered":"<p><\/p>\n<p align=\"center\"><span style=\"font-size: 18px;\"><em><strong><span style=\"font-family: georgia,palatino,serif;\">\u0413\u0430\u0437\u0435\u0442\u0430<span lang=\"EN-US\" style=\"margin: 0px; line-height: 115%;\"><span style=\"color: #000000;\"> \u201cEesti S\u00f5na\u201d \u0437\u0430 27 \u0444\u0435\u0432\u0440\u0430\u043b\u044f 1944 \u0433\u043e\u0434: &#171;\u041d\u0430 \u041f\u0438\u0439\u0440\u0438\u0441\u0430\u0430\u0440\u0435 \u043f\u0440\u043e\u0445\u043e\u0434\u044f\u0442 \u0442\u044f\u0436\u0435\u043b\u044b\u0435 \u0441\u0440\u0430\u0436\u0435\u043d\u0438\u044f&#187;<\/span><\/span><\/span><\/strong><\/em><\/span><\/p>\n<p style=\"text-align: left;\" align=\"center\"><span style=\"font-family: georgia,palatino,serif; font-size: 16px;\"><span lang=\"EN-US\" style=\"margin: 0px; color: #404040; line-height: 115%;\">\u00a0Piirisaare vallutamisel Peipsi j\u00e4rves h\u00e4vitati n\u00e4iteks peagu kogu N\u00f5ukogude garnison. M\u00f6\u00f6dunud neljap\u00e4eva hommikul r\u00fcnnakule asunud Ida-Peipsi grenaderir\u00fcgemendil, keda toetasid suurt\u00fckiv\u00e4gi ja \u00f5hut\u00f5rje, \u00f5nnestus m\u00e4rkamatult minna \u00fcle j\u00e4\u00e4, j\u00f5uda vaenlasepoolsele kaldale ja r\u00fcnnata enamlasi ootamatult. Raskes majadev\u00f5ltluses surus ta enamlased kolmest suurest saarek\u00fclast v\u00e4lja, tungis l\u00e4bi h\u00e4sti v\u00e4ljaehitatud punkriliinide ja paiskas vaenlase garnisoni lahtisele lagendikule. Vaenlane p\u00fc\u00fcdis p\u00f5geneda itta<\/span><span lang=\"EN-US\" style=\"margin: 0px; color: #404040; line-height: 115%;\">, kuid kuulipidajate, v\u00e4lihaubitsate ja \u00f5hut\u00f5rjekahurite, samuti ka sekkal\u00f6\u00f6nud jahilennukite pardarelvade tules h\u00e4vitati vaenlase peaj\u00f5ud j\u00e4\u00e4l, amult uksikud laialipaiskunud enamlased\u00a0 suutsid, j\u00f5uda kaldani. Varsti p\u00e4rast seda alanud vaenlase vastul\u00f6\u00f6k varises meie tules kokku Oma raskete kaotuste t\u00f5ttu katkestas vaenlane vastur\u00fcnnakud ega korranud neid ka reedel.<\/span><\/span><\/p>\n<p><\/p>","protected":false},"excerpt":{"rendered":"<p>\u0413\u0430\u0437\u0435\u0442\u0430 \u201cEesti S\u00f5na\u201d \u0437\u0430 27 \u0444\u0435\u0432\u0440\u0430\u043b\u044f 1944 \u0433\u043e\u0434: &#171;\u041d\u0430 \u041f\u0438\u0439\u0440\u0438\u0441\u0430\u0430\u0440\u0435 \u043f\u0440\u043e\u0445\u043e\u0434\u044f\u0442 \u0442\u044f\u0436\u0435\u043b\u044b\u0435 \u0441\u0440\u0430\u0436\u0435\u043d\u0438\u044f&#187; \u00a0Piirisaare vallutamisel Peipsi j\u00e4rves h\u00e4vitati n\u00e4iteks peagu kogu N\u00f5ukogude garnison. M\u00f6\u00f6dunud neljap\u00e4eva hommikul r\u00fcnnakule asunud Ida-Peipsi grenaderir\u00fcgemendil, keda toetasid suurt\u00fckiv\u00e4gi ja \u00f5hut\u00f5rje, \u00f5nnestus m\u00e4rkamatult minna \u00fcle j\u00e4\u00e4, j\u00f5uda vaenlasepoolsele kaldale ja r\u00fcnnata enamlasi ootamatult. Raskes majadev\u00f5ltluses surus ta enamlased kolmest suurest saarek\u00fclast [&hellip;]<\/p>\n","protected":false},"featured_media":0,"comment_status":"closed","ping_status":"closed","template":"","meta":[],"product_cat":[57],"product_tag":[],"_links":{"self":[{"href":"https:\/\/peipsisaar.ee\/ru\/wp-json\/wp\/v2\/product\/499"}],"collection":[{"href":"https:\/\/peipsisaar.ee\/ru\/wp-json\/wp\/v2\/product"}],"about":[{"href":"https:\/\/peipsisaar.ee\/ru\/wp-json\/wp\/v2\/types\/product"}],"replies":[{"embeddable":true,"href":"https:\/\/peipsisaar.ee\/ru\/wp-json\/wp\/v2\/comments?post=499"}],"wp:attachment":[{"href":"https:\/\/peipsisaar.ee\/ru\/wp-json\/wp\/v2\/media?parent=499"}],"wp:term":[{"taxonomy":"product_cat","embeddable":true,"href":"https:\/\/peipsisaar.ee\/ru\/wp-json\/wp\/v2\/product_cat?post=499"},{"taxonomy":"product_tag","embeddable":true,"href":"https:\/\/peipsisaar.ee\/ru\/wp-json\/wp\/v2\/product_tag?post=499"}],"curies":[{"name":"wp","href":"https:\/\/api.w.org\/{rel}","templated":true}]}}