{"id":502,"date":"2017-11-11T13:21:44","date_gmt":"2017-11-11T13:21:44","guid":{"rendered":"http:\/\/peipsisaar.ee\/?post_type=product&#038;p=502"},"modified":"2018-04-10T13:45:11","modified_gmt":"2018-04-10T13:45:11","slug":"russkij-gazeta-eesti-sona-za-5-marta-1944-god-bolshevistkie-ubijstva-na-pijrisaare","status":"publish","type":"product","link":"https:\/\/peipsisaar.ee\/ru\/statji\/gazeta-eesti-sona-za-5-marta-1944-god-bolshevistkie-ubijstva-na-pijrisaare\/","title":{"rendered":"\u0413\u0430\u0437\u0435\u0442\u0430 &#171;Eesti S\u00f5na&#187; \u0437\u0430 5 \u043c\u0430\u0440\u0442\u0430 1944 \u0433\u043e\u0434: &#171;\u0411\u043e\u043b\u044c\u0448\u0435\u0432\u0438\u0441\u0442\u043a\u0438\u0435 \u0443\u0431\u0438\u0439\u0441\u0442\u0432\u0430 \u043d\u0430 \u041f\u0438\u0439\u0440\u0438\u0441\u0430\u0430\u0440\u0435&#187;"},"content":{"rendered":"<p><\/p>\n<p align=\"center\"><span style=\"font-size: 18px;\"><em><strong><span style=\"font-family: georgia,palatino,serif;\">\u0413\u0430\u0437\u0435\u0442\u0430 &#171;<span lang=\"EN-US\" style=\"margin: 0px; line-height: 115%;\"><span style=\"color: #000000;\">Eesti S\u00f5na&#187; \u0437\u0430 5 \u043c\u0430\u0440\u0442\u0430 1944 \u0433\u043e\u0434: &#171;\u0411\u043e\u043b\u044c\u0448\u0435\u0432\u0438\u0441\u0442\u043a\u0438\u0435 \u0443\u0431\u0438\u0439\u0441\u0442\u0432\u0430 \u043d\u0430 \u041f\u0438\u0439\u0440\u0438\u0441\u0430\u0430\u0440\u0435&#187;<\/span><\/span><\/span><\/strong><\/em><\/span><\/p>\n<p><span lang=\"EN-US\" style=\"margin: 0px; line-height: 115%; font-family: georgia,palatino,serif; font-size: 16px;\"><span style=\"color: #000000;\">S\u00f5jaj\u00f5udude \u00fclemjuhatuse teade mainis, 25. veebruaril Peipsi j\u00e4rves asuva Piirisaare tagasivallutamist. Tartu ajalehe \u00abPostimehe&#187; kirjasaatjal oli v\u00f5imalus k\u00fclastada saart p\u00e4rast lahingut, kusjuures ta kirjutab oma muljete kohta j\u00e4rgmist: Enamus maju on t\u00fchjad, sisseseaded purustatud. Piirik\u00fclas seisavad vaid varemed. Luteri usu kirik on maha p\u00f5lenud, kivist vene kirik seisab veel. Selle sisemus on k\u00f5ik segi paisatud. Altaritrepil vedeleb kergekuulipilduja magasin. Mida \u00fctleks Stalini poolt nimetatud vene kiriku pea, kui ta n\u00e4eks seda punaste &#171;usklike&#187; poolt r\u00fcvetatud kirikut, katki rebitud p\u00fcha kirja raamatuid ja porisse tallatud p\u00fchakupilte? Ta vaid naerataks kindlasti.<\/span><\/span><\/p>\n<p><span lang=\"EN-US\" style=\"margin: 0px; line-height: 115%; font-family: georgia,palatino,serif; font-size: 16px;\"><span style=\"color: #000000;\">J\u00e4rgmises k\u00fclas lamab majade vahel eestlasest eraisiku laip. On selgesti n\u00e4ha, et ta jalad on kokku seotud. V\u00e4ljasirutatud k\u00e4si hoiab telefonitraati. Kukal on purustatud. V\u00f5i on meil siin tegemist kuklalasuga? Me saame teada, et mees kuulus Eesti omakaitsesse ja langes haavatuna enamlaste k\u00e4tte.<\/span><\/span><\/p>\n<p><span lang=\"EN-US\" style=\"margin: 0px; line-height: 115%; font-family: georgia,palatino,serif; font-size: 16px;\"><span style=\"color: #000000;\">\u00dcht teist haavatut lohistati senikaua ree j\u00e4rel, kui surm ta piinadele l\u00f5pu tegi. M\u00f5tled, et kes nii talitab, pole inimesed, vaid loomad. Kuid selle v\u00e4ljendusega solvaksid sa looma. Loom tapab teise looma ainult siis, kui ta vajab toitu. \u00dcksnes kommunismist m\u00fcrgitatud aju v\u00f5ib\u00a0 m\u00f5telda v\u00e4lja niisuguseid julmusi anda m\u00f5rvak\u00e4ske nagu Merek\u00fclas ning valada s\u00fc\u00fctute naiste ja laste verd. Kui enamlased tulid piirisaarele, hoiti elanikkonda valju valve all ja keegi ei tohtinud eemalduda. Hiljem aeti inimesed kokku \u00fcksikuisse majadesse. Antud evakueerimisk\u00e4sk polnud muud kui ammutuntud k\u00fc\u00fcditamine. Inimesi sunniti v\u00e4givallaga Venemaale minema. Ori iseloomustav, et k\u00fc\u00fcditatud pidid v\u00f5tma kaasa toiduaineid, labidad ja kirved, sest N\u00f5ukogude ohvitser kinnitas neile, et N\u00f5ukogu Liidus ei ole midagi s\u00fc\u00fca ega mingit ulualust. Seep\u00e4rast tuleb inimestel, keda sunnitakse oma kodudest lahkuma, kaevuda endale &#171;t\u00f6\u00f6liste paradiisis&#187; koopaid, kus elada. Kuhu need \u00f5nnetud eestlased k\u00fc\u00fcditati, on teadmata, samuti on praegu teadmata nende edaspidine saatus. Enamlased suutsid siiski k\u00fc\u00fcditada vaid \u00fche osa saare elanikkonnast, kuna 24. veebruari hommikul algas Saksa v\u00e4gede r\u00fcnnak saarele, mis puhastati enamlastest. Nii p\u00e4\u00e4sis umbes 100 inimest neid \u00e4hvardavast kurvast saatusest. 126 eestlast on aga kadunud.<\/span><\/span><\/p>","protected":false},"excerpt":{"rendered":"<p>\u0413\u0430\u0437\u0435\u0442\u0430 &#171;Eesti S\u00f5na&#187; \u0437\u0430 5 \u043c\u0430\u0440\u0442\u0430 1944 \u0433\u043e\u0434: &#171;\u0411\u043e\u043b\u044c\u0448\u0435\u0432\u0438\u0441\u0442\u043a\u0438\u0435 \u0443\u0431\u0438\u0439\u0441\u0442\u0432\u0430 \u043d\u0430 \u041f\u0438\u0439\u0440\u0438\u0441\u0430\u0430\u0440\u0435&#187; S\u00f5jaj\u00f5udude \u00fclemjuhatuse teade mainis, 25. veebruaril Peipsi j\u00e4rves asuva Piirisaare tagasivallutamist. Tartu ajalehe \u00abPostimehe&#187; kirjasaatjal oli v\u00f5imalus k\u00fclastada saart p\u00e4rast lahingut, kusjuures ta kirjutab oma muljete kohta j\u00e4rgmist: Enamus maju on t\u00fchjad, sisseseaded purustatud. Piirik\u00fclas seisavad vaid varemed. Luteri usu kirik on maha [&hellip;]<\/p>\n","protected":false},"featured_media":0,"comment_status":"closed","ping_status":"closed","template":"","meta":[],"product_cat":[57],"product_tag":[],"_links":{"self":[{"href":"https:\/\/peipsisaar.ee\/ru\/wp-json\/wp\/v2\/product\/502"}],"collection":[{"href":"https:\/\/peipsisaar.ee\/ru\/wp-json\/wp\/v2\/product"}],"about":[{"href":"https:\/\/peipsisaar.ee\/ru\/wp-json\/wp\/v2\/types\/product"}],"replies":[{"embeddable":true,"href":"https:\/\/peipsisaar.ee\/ru\/wp-json\/wp\/v2\/comments?post=502"}],"wp:attachment":[{"href":"https:\/\/peipsisaar.ee\/ru\/wp-json\/wp\/v2\/media?parent=502"}],"wp:term":[{"taxonomy":"product_cat","embeddable":true,"href":"https:\/\/peipsisaar.ee\/ru\/wp-json\/wp\/v2\/product_cat?post=502"},{"taxonomy":"product_tag","embeddable":true,"href":"https:\/\/peipsisaar.ee\/ru\/wp-json\/wp\/v2\/product_tag?post=502"}],"curies":[{"name":"wp","href":"https:\/\/api.w.org\/{rel}","templated":true}]}}