{"id":503,"date":"2017-11-11T13:33:16","date_gmt":"2017-11-11T13:33:16","guid":{"rendered":"http:\/\/peipsisaar.ee\/?post_type=product&#038;p=503"},"modified":"2018-04-10T13:42:48","modified_gmt":"2018-04-10T13:42:48","slug":"ajaleht-postimees-4-03-1944-parast-lahinguid-vabastatud-piirisaarel","status":"publish","type":"product","link":"https:\/\/peipsisaar.ee\/ru\/statji\/gazeta-postimees-za-4-marta-1944-god-na-osvobozhdennom-pijrisaare-posle-osvobozhdenija\/","title":{"rendered":"\u0413\u0430\u0437\u0435\u0442\u0430 &#171;Postimees&#187; \u0437\u0430 4 \u043c\u0430\u0440\u0442\u0430 1944 \u0433\u043e\u0434: &#171;\u041d\u0430 \u043e\u0441\u0432\u043e\u0431\u043e\u0436\u0434\u0435\u043d\u043d\u043e\u043c \u041f\u0438\u0439\u0440\u0438\u0441\u0430\u0430\u0440\u0435 \u043f\u043e\u0441\u043b\u0435 \u043e\u0441\u0432\u043e\u0431\u043e\u0436\u0434\u0435\u043d\u0438\u044f&#187;"},"content":{"rendered":"<p><\/p>\n<p style=\"text-align: center;\" align=\"center\"><span style=\"font-size: 18px;\"><strong><em><span style=\"font-family: georgia,palatino,serif;\">\u0413\u0430\u0437\u0435\u0442\u0430 &#171;<span lang=\"EN-US\" style=\"margin: 0px; line-height: 115%;\"><span style=\"color: #000000;\">Postimees&#187; \u0437\u0430 4 \u043c\u0430\u0440\u0442\u0430 1944 \u0433\u043e\u0434: &#171;\u041d\u0430 \u043e\u0441\u0432\u043e\u0431\u043e\u0436\u0434\u0435\u043d\u043d\u043e\u043c \u041f\u0438\u0439\u0440\u0438\u0441\u0430\u0430\u0440\u0435 \u043f\u043e\u0441\u043b\u0435 \u043e\u0441\u0432\u043e\u0431\u043e\u0436\u0434\u0435\u043d\u0438\u044f&#187;<\/span><\/span><\/span><\/em><\/strong><\/span><\/p>\n<p style=\"text-align: left;\" align=\"center\"><span lang=\"EN-US\" style=\"margin: 0px; color: #404040; line-height: 115%; font-family: georgia,palatino,serif; font-size: 16px;\">Saarel on kolm k\u00fcla, iga\u00fches majad kobaras koos. Eemalt paistab koguni, nagu toetuks \u00fcks katuseveer teisele. \u00dche k\u00fcla keskel sirutub vene kirikutorn.<\/span><\/p>\n<p style=\"text-align: left;\"><span lang=\"EN-US\" style=\"margin: 0px; color: #404040; line-height: 115%; font-family: georgia,palatino,serif; font-size: 16px;\">Saare rannale j\u00f5udnud, sammume edasi jala piki k\u00f5rgem\u00e4ttalise heinamaavahelist teed. Ida pool paistab, \u00fclev\u00e4\u00e4v\u00e4lja maa &#8212; N\u00f5ukogude Liit. <\/span><\/p>\n<p style=\"text-align: left;\"><span style=\"font-size: 16px;\"><strong><em><span lang=\"EN-US\" style=\"margin: 0px; color: #404040; line-height: 115%; font-family: georgia,palatino,serif;\">Juba ta tuleb&#8230;<\/span><\/em><\/strong><\/span><\/p>\n<p style=\"text-align: left;\"><span lang=\"EN-US\" style=\"margin: 0px; color: #404040; line-height: 115%; font-family: georgia,palatino,serif; font-size: 16px;\">Tee\u00e4\u00e4res mitmes kohas saksa grenaderid. Vastu tuleb m\u00f5ni \u00fcksik s\u00f5iduk. Muidu on vaikne. Kuid mitte siiski p\u00e4ris vaikne. Kostavad \u00fcksikud juhuslikud m\u00fctsakud, sekka ka m\u00f5ned kuulipilduja valangud. Kus lastakse v\u00f5i kes laseb, sead ei tea, sellele ei m\u00f5tlegi vist mitte \u00fckski siin. \u00dcksik lennuk s\u00f5idab k\u00f5rgelt \u00fcle saare, sedagi ei pane keegi enne t\u00e4hele, kui see korraga pikeerib ja siis m\u00fcrinaga \u00f5ige madalalt \u00fcle peade lendab &#8212; punased viisnurgad tiibadel ja sabal. Kostavad, m\u00f5ned heledad lasud, lennuki juures v\u00e4lgatab tuli. Kes laskis, kust lasti, kas alt v\u00f5i \u00fclevalt, ka see ei pane siin m\u00f5tlema. Seep\u00e4rast ei m\u00f5tle, et siin on lahinguv\u00e4li, t\u00f5eline rinne, siin oleme meie ja seal on vaenlane, siin v\u00f5ib alata t\u00e4na v\u00f5i homme lahing, mis t\u00e4hendab selle k\u00f5rival m\u00f5ni \u00fcksik pauk kusagil. See on s\u00f5durlik arusaamine ia see siseneb ka tagala inimesesse, sest siin saarel peale s\u00f5iameeste ei ole kedagi.<\/span><\/p>\n<p style=\"text-align: left;\"><span style=\"font-size: 16px;\"><em><strong><span lang=\"EN-US\" style=\"margin: 0px; color: #404040; line-height: 115%; font-family: georgia,palatino,serif;\">Surnud majad ja r\u00fcvetatud kirik<\/span><\/strong><\/em><\/span><\/p>\n<p style=\"text-align: left;\"><span lang=\"EN-US\" style=\"margin: 0px; color: #404040; line-height: 115%; font-family: georgia,palatino,serif; font-size: 16px;\">\u00d5ieti on suurem osa neist surnud. Sest peale s\u00f5jav\u00e4elaste saarekese kolmes k\u00fclas &#8212; Piiri k\u00fclas, Tooni ja Saare k\u00fclas ei ole praegu \u00fchtegi eraisikut.<\/span><\/p>\n<p style=\"text-align: left;\"><span lang=\"EN-US\" style=\"margin: 0px; color: #404040; line-height: 115%; font-family: georgia,palatino,serif; font-size: 16px;\">Seep\u00e4rast on siis ka suurem osa maju t\u00fchjad, uksed, aknad p\u00e4rani, sisustus osalt puruks trambitud, osalt sootu \u00e4ra veetud. Piiri k\u00fclas on ka ahervaremeid ja m\u00fcrskudest purustatud katuseid ja seinu. Luteri usu kirik on maha p\u00f5letatud, kivist vene kirik seisab aga p\u00fcsti.<\/span><\/p>\n<p style=\"text-align: left;\"><span lang=\"EN-US\" style=\"margin: 0px; color: #404040; line-height: 115%; font-family: georgia,palatino,serif; font-size: 16px;\">Viimase uksest sisse astudes satud esimesele bolshevike j\u00e4ljele. Kogu kiriku sisemus on segi paisatud, altari trepil vedeleb kergekuulipilduja t\u00e4is magasin. Mis \u00fctleks Stalini poolt m\u00e4\u00e4ratud vene kirikupea, kui ta n\u00e4eks seda oma \u201epunaste usklikkude&#187; kiriku r\u00fcvetust, neid puruksrebitud p\u00fchakirja-raamatuid, porri loobitud p\u00fchapilte, kapist v\u00e4ljapuistatud ja hunnikusse tallatud preestrir\u00f5ivastuse esemeid.<\/span><\/p>\n<p style=\"text-align: left;\"><span lang=\"EN-US\" style=\"margin: 0px; color: #404040; line-height: 115%; font-family: georgia,palatino,serif; font-size: 16px;\">Kindlasti ei \u00fctleks ta midagi, vaid muigaks ainult&#8230;<\/span><\/p>\n<p style=\"text-align: left;\"><span style=\"font-size: 16px;\"><em><strong><span lang=\"EN-US\" style=\"margin: 0px; color: #404040; line-height: 115%; font-family: georgia,palatino,serif;\">Mustad t\u00e4pid j\u00e4\u00e4l<\/span><\/strong><\/em><\/span><\/p>\n<p style=\"text-align: left;\"><span lang=\"EN-US\" style=\"margin: 0px; color: #404040; line-height: 115%; font-family: georgia,palatino,serif; font-size: 16px;\">Sammume teise k\u00fcla poole. Teel sinna on eemal valendaval j\u00e4\u00e4l n\u00e4ha tihedalt musti t\u00e4ppe. Saatev saksa grenader juhib neile t\u00e4helepanu: r\u00fcnnak algas sealtpoolt k\u00fcla servast, bolshevikud p\u00f5genesid siit k\u00fclaservast Peipsi j\u00e4\u00e4le, kus need meie tulega maha niideti, Hiljem p\u00fc\u00fcdsid punased k\u00fcla taas vallutada vastur\u00fcnnakuga, kuid, l\u00f6\u00f6di veriselt tagasi. <\/span><\/p>\n<p style=\"text-align: left;\"><span lang=\"EN-US\" style=\"margin: 0px; color: #404040; line-height: 115%; font-family: georgia,palatino,serif; font-size: 16px;\">Vahepeal on sadanud, seeparast paistavad siiani ainult lumest v\u00e4ljaulatuvad vildi ninad. \u00dcks lamab selliselt siinsamas l\u00e4hedal&#8230; See on lahingute karm pilt. Kunagi on seda n\u00e4htud p\u00e4rast Tallinna vabastamist Kadriorus ja Lasnam\u00e4el. Siis olid bolshevikud mundris, n\u00fc\u00fcd aga kokkulapitud erar\u00f5ivais. K\u00fcll paistab aga lumest bolshevike kiivri lame p\u00f5hi.<\/span><\/p>\n<p style=\"text-align: left;\"><span style=\"font-size: 16px;\"><em><strong><span lang=\"EN-US\" style=\"margin: 0px; color: #404040; line-height: 115%; font-family: georgia,palatino,serif;\">J\u00e4rjekordne terroriohver<\/span><\/strong><\/em><\/span><\/p>\n<p style=\"text-align: left;\"><span lang=\"EN-US\" style=\"margin: 0px; color: #404040; line-height: 115%; font-family: georgia,palatino,serif; font-size: 16px;\">J\u00e4rgmise k\u00fcla esimeste majade vahel lamab erariietuses mehe laip. Eestlane. On selgesti n\u00e4ha, et laiba jalad on n\u00f6\u00f6riga kinni seotud, v\u00e4ljasirutatud k\u00e4e k\u00fcljest ripub teiefonitraat, kukal on puruks l\u00f6\u00f6dud, v\u00f5i on siin tegemist kuklalasuga.<\/span><\/p>\n<p style=\"text-align: left;\"><span style=\"font-family: georgia,palatino,serif; font-size: 16px;\"><span lang=\"EN-US\" style=\"margin: 0px; color: #404040; line-height: 115%;\">Hiljem kuulen, et see mees oli Piirisaare <\/span><span lang=\"ET\" style=\"margin: 0px; color: #404040; line-height: 115%;\">\u201e<\/span><span lang=\"EN-US\" style=\"margin: 0px; color: #404040; line-height: 115%;\">Omakaitse\u201d liige, kes oli j\u00e4\u00e4nud haavatuna bolshevike k\u00e4tte, \u00fcht teisi haavatut olevat lohistatud ree j\u00e4rele nii kaua, kuni surm ta piinad l\u00f5petas.<\/span><\/span><\/p>\n<p style=\"text-align: left;\"><span style=\"font-size: 16px;\"><em><strong><span lang=\"EN-US\" style=\"margin: 0px; color: #404040; line-height: 115%; font-family: georgia,palatino,serif;\">Kui \u201evabastajad&#187; tulid<\/span><\/strong><\/em><\/span><\/p>\n<p style=\"text-align: left;\"><span lang=\"EN-US\" style=\"margin: 0px; color: #404040; line-height: 115%; font-family: georgia,palatino,serif; font-size: 16px;\">Neid \u201cvabastajaid&#187; saidPiirisaare elanikud siis n\u00fc\u00fcd l\u00e4hemalt n\u00e4ha. Kaltsus, mustad ja n\u00e4ljased. Ja nad r\u00fc\u00fcstasld Piirisaare t\u00fchjaks, Miis v\u00e4hegi oli s\u00f6\u00f6dav, see l\u00e4ks,. On Iseloomustav, et nende p\u00e4evade jooksul, mil bolshevikud viibisid saarel, vooris sinna \u00fcha uut rahvast juurde, otsides, tuhnides ja r\u00fc\u00fcstates ning siis j\u00e4lle lahkudes. Isegi tsiviilelanikke, nimelt naisi Peipsi j\u00e4rve vastaskaldalt, on k\u00e4inud hulganisti Piirisaarelt toitu otsimas. Sellest siis tuli, et saare talude keldritesse ei ole j\u00e4\u00e4nud ka mitte \u00fchtegi kartulit, porgandit ega kapsast, r\u00e4\u00e4kimata muust s\u00f6\u00f6davast.<\/span><\/p>\n<p style=\"text-align: left;\"><span lang=\"EN-US\" style=\"margin: 0px; color: #404040; line-height: 115%; font-family: georgia,palatino,serif; font-size: 16px;\">Piirisaarele sisse tulles on nad lubanud nelja p\u00e4eva p\u00e4rast lasta endil Tartus habet ajada. Kui aga Meerapalus suuremal osal punastel t\u00f5mmati habe kogu nahaga \u00fcle k\u00f5rvade maha, siis v\u00e4hesed tagasitulijad kinnitasid, ei nad pole sellist lahingut veel elus n\u00e4inud<\/span><\/p>\n<p style=\"text-align: left;\"><span style=\"font-size: 16px;\"><em><strong><span lang=\"EN-US\" style=\"margin: 0px; color: #404040; line-height: 115%; font-family: georgia,palatino,serif;\">Kuhu j\u00e4i 126 eestlast?<\/span><\/strong><\/em><\/span><\/p>\n<p style=\"text-align: left;\"><span lang=\"EN-US\" style=\"margin: 0px; color: #404040; line-height: 115%; font-family: georgia,palatino,serif; font-size: 16px;\">Piirisaarele tulles t\u00f5mmati saarele tugev valve \u00fcmber, \u00fckski tsiviilelanik ei tohtinud sealt lahkuda. Hiljem aeti inimesed \u00fcksikuisse majadesse tihedalt kokku, et neid saaks veelgi kindlamalt valvata. Hiljem anti ..evakueerimise&#187; k\u00e4sk, mis ei olnud midagi muud kui meile juba varasemast ajast tuntud k\u00fc\u00fcditamine. Inimesi sunniti lihtsalt v\u00e4ev\u00f5imuga asuma teele Venemaa poole.<\/span><\/p>\n<p style=\"text-align: left;\"><span lang=\"EN-US\" style=\"margin: 0px; color: #404040; line-height: 115%; font-family: georgia,palatino,serif; font-size: 16px;\">Kuhu need \u00f5nnetud eestlased veeti ia milline on nende edaspidine saatus, seda et tea praegu muidugi keegi.<\/span><\/p>\n<p style=\"text-align: left;\"><span style=\"font-size: 16px;\"><em><strong><span lang=\"EN-US\" style=\"margin: 0px; color: #404040; line-height: 115%; font-family: georgia,palatino,serif;\">Abi \u00f5igel ajal<\/span><\/strong><\/em><\/span><\/p>\n<p style=\"text-align: left;\"><span lang=\"EN-US\" style=\"margin: 0px; color: #404040; line-height: 115%; font-family: georgia,palatino,serif; font-size: 16px;\">Bolshevikud j\u00f5udsid ainult osa saare rahvast \u00e4ra k\u00fc\u00fcditada, sest 24. veebiuari hommikul alustasid saksa v\u00e4ed runnakut saarele, puhastasid selle, punastest j\u00f5ukudest ning p\u00e4\u00e4stsid \u00fchtlasi osa inimesi arvult umbes 100 \u00fcmber, neid ootavast kurvast saatusest., Et saarele j\u00e4\u00e4nud eesti soost elanikke arvati olevat \u00fcmmarguselt 250, siis on kaotused \u00f5ige suured, sest mitmed saare eianikud said surma ka lahingute ajal.<\/span><\/p>\n<p style=\"text-align: left;\"><span style=\"font-size: 16px;\"><strong><em><span lang=\"EN-US\" style=\"margin: 0px; color: #404040; line-height: 115%; font-family: georgia,palatino,serif;\">Teel tagasi<\/span><\/em><\/strong><\/span><\/p>\n<p style=\"text-align: left;\"><span lang=\"EN-US\" style=\"margin: 0px; color: #404040; line-height: 115%; font-family: 'Times New Roman','serif'; font-size: 16px;\"><span style=\"font-family: georgia,palatino,serif;\">Saatusrikkaid tunde \u00fcleelanud saar j\u00e4\u00e4b selja taha. Mandri ranna kohal h\u00f5\u00f5gub taevas p\u00e4ikese loojangu v\u00e4rvides. Valge lumev\u00e4li on m\u00e4hitud ime\u00f5rna sinisesse loori. Kusagil eemal liiguvad pikas reas saksa grenaderid tumehallide siluettidena. See on kevadesse p\u00f6\u00f6rduva talve\u00f5htu kaasakiskuvalt kaunis pilt. Ranniku metsadest nagu h\u00f5\u00f5gub raitu kogu j\u00e4\u00e4v\u00e4ljale. Kuid tarvitseb ainult pea p\u00f6\u00f6rata vasakule saksa mootorratturi karmi n\u00e4kku, p\u00f5lve puudutab k\u00fclgkorvis oleva p\u00fcssi luku k\u00e4epide ja tean, et sealsamas on m\u00f5ned k\u00e4sigranaadid. See on karmi aja s\u00f5it siin Peipsi j\u00e4\u00e4l. Tee viib tagasi maale, kus rahvas on v\u00f5itluses elule ja surmale. Piirisaar, hoiatav ja veel v\u00e4rskete vermetega tumm tunnistaja, aga surub meil k\u00f5igil k\u00e4e tugevamalt relva \u00fcmber ja manitseb ohvrimeelseile pingutusile.<\/span> <\/span><\/p>\n<p><\/p>","protected":false},"excerpt":{"rendered":"<p>\u0413\u0430\u0437\u0435\u0442\u0430 &#171;Postimees&#187; \u0437\u0430 4 \u043c\u0430\u0440\u0442\u0430 1944 \u0433\u043e\u0434: &#171;\u041d\u0430 \u043e\u0441\u0432\u043e\u0431\u043e\u0436\u0434\u0435\u043d\u043d\u043e\u043c \u041f\u0438\u0439\u0440\u0438\u0441\u0430\u0430\u0440\u0435 \u043f\u043e\u0441\u043b\u0435 \u043e\u0441\u0432\u043e\u0431\u043e\u0436\u0434\u0435\u043d\u0438\u044f&#187; Saarel on kolm k\u00fcla, iga\u00fches majad kobaras koos. Eemalt paistab koguni, nagu toetuks \u00fcks katuseveer teisele. \u00dche k\u00fcla keskel sirutub vene kirikutorn. Saare rannale j\u00f5udnud, sammume edasi jala piki k\u00f5rgem\u00e4ttalise heinamaavahelist teed. Ida pool paistab, \u00fclev\u00e4\u00e4v\u00e4lja maa &#8212; N\u00f5ukogude Liit. Juba ta tuleb&#8230; [&hellip;]<\/p>\n","protected":false},"featured_media":0,"comment_status":"closed","ping_status":"closed","template":"","meta":[],"product_cat":[57],"product_tag":[],"_links":{"self":[{"href":"https:\/\/peipsisaar.ee\/ru\/wp-json\/wp\/v2\/product\/503"}],"collection":[{"href":"https:\/\/peipsisaar.ee\/ru\/wp-json\/wp\/v2\/product"}],"about":[{"href":"https:\/\/peipsisaar.ee\/ru\/wp-json\/wp\/v2\/types\/product"}],"replies":[{"embeddable":true,"href":"https:\/\/peipsisaar.ee\/ru\/wp-json\/wp\/v2\/comments?post=503"}],"wp:attachment":[{"href":"https:\/\/peipsisaar.ee\/ru\/wp-json\/wp\/v2\/media?parent=503"}],"wp:term":[{"taxonomy":"product_cat","embeddable":true,"href":"https:\/\/peipsisaar.ee\/ru\/wp-json\/wp\/v2\/product_cat?post=503"},{"taxonomy":"product_tag","embeddable":true,"href":"https:\/\/peipsisaar.ee\/ru\/wp-json\/wp\/v2\/product_tag?post=503"}],"curies":[{"name":"wp","href":"https:\/\/api.w.org\/{rel}","templated":true}]}}